{"id":314,"date":"2023-06-07T06:52:25","date_gmt":"2023-06-07T06:52:25","guid":{"rendered":"https:\/\/poplus.org\/?page_id=314"},"modified":"2023-06-07T06:52:29","modified_gmt":"2023-06-07T06:52:29","slug":"siti-non-aams-vs-bookmakers-adm","status":"publish","type":"page","link":"https:\/\/poplus.org\/it\/siti-non-aams-vs-bookmakers-adm\/","title":{"rendered":"Come Scegliere i Migliori Bookmaker con Licenza AAMS"},"content":{"rendered":"\n<h1 id=\"0-come-scegliere-i-migliori-bookmaker-con-licenza-aams\">Come Scegliere i Migliori Bookmaker con Licenza AAMS<\/h1>\n\n\n\n<p>Scegliere il bookmaker giusto pu\u00f2 fare la differenza tra un&#8217;esperienza di scommessa piacevole e una frustrante. In Italia, la scelta del bookmaker \u00e8 ulteriormente complicata dalla necessit\u00e0 di scegliere un operatore con licenza AAMS (Amministrazione Autonoma dei Monopoli di Stato). Questo articolo offre consigli su come scegliere il miglior bookmaker con licenza AAMS, utilizzando informazioni da vari siti web e dalla mia conoscenza preesistente.<\/p>\n\n\n<div class=\"ub_table-of-contents\" data-showtext=\"show\" data-hidetext=\"hide\" data-scrolltype=\"auto\" id=\"ub_table-of-contents-07d0aa33-f4b6-4bfa-a048-44d3812fe0e1\" data-initiallyhideonmobile=\"false\"\n                    data-initiallyshow=\"true\"><div class=\"ub_table-of-contents-header-container\"><div class=\"ub_table-of-contents-header\">\n                    <div class=\"ub_table-of-contents-title\"> Migliori Bookmaker con Licenza AAMS<\/div><\/div><\/div><div class=\"ub_table-of-contents-extra-container\"><div class=\"ub_table-of-contents-container ub_table-of-contents-1-column \"><ul><li><a href=https:\/\/poplus.org\/it\/siti-non-aams-vs-bookmakers-adm\/#0-come-scegliere-i-migliori-bookmaker-con-licenza-aams>Come Scegliere i Migliori Bookmaker con Licenza AAMS<\/a><ul><li><a href=https:\/\/poplus.org\/it\/siti-non-aams-vs-bookmakers-adm\/#1-cosa-%C3%A8-laams>Cosa \u00e8 l&#8217;AAMS?<\/a><\/li><li><a href=https:\/\/poplus.org\/it\/siti-non-aams-vs-bookmakers-adm\/#2-come-scegliere-un-bookmaker-con-licenza-aams>Come Scegliere un Bookmaker con Licenza AAMS<\/a><ul><li><a href=https:\/\/poplus.org\/it\/siti-non-aams-vs-bookmakers-adm\/#3-controlla-gli-sport-e-i-mercati-disponibili>Controlla gli Sport e i Mercati Disponibili<\/a><\/li><li><a href=https:\/\/poplus.org\/it\/siti-non-aams-vs-bookmakers-adm\/#4-cerca-una-buona-selezione-di-quote>Cerca una Buona Selezione di Quote<\/a><\/li><li><a href=https:\/\/poplus.org\/it\/siti-non-aams-vs-bookmakers-adm\/#5-richiedi-le-offerte-di-benvenuto-dei-bookmaker>Richiedi le Offerte di Benvenuto dei Bookmaker<\/a><\/li><li><a href=https:\/\/poplus.org\/it\/siti-non-aams-vs-bookmakers-adm\/#6-sfrutta-le-concessioni-per-i-giocatori-esistenti>Sfrutta le Concessioni per i Giocatori Esistenti<\/a><\/li><li><a href=https:\/\/poplus.org\/it\/siti-non-aams-vs-bookmakers-adm\/#7-controlla-la-licenza>Controlla la Licenza<\/a><\/li><li><a href=https:\/\/poplus.org\/it\/siti-non-aams-vs-bookmakers-adm\/#8-scegli-un-metodo-di-pagamento>Scegli un Metodo di Pagamento<\/a><\/li><li><a href=https:\/\/poplus.org\/it\/siti-non-aams-vs-bookmakers-adm\/#9-scegli-una-piattaforma>Scegli una Piattaforma<\/a><\/li><li><a href=https:\/\/poplus.org\/it\/siti-non-aams-vs-bookmakers-adm\/#10-non-limitarti-a-un-solo-bookmaker>Non Limitarti a un Solo Bookmaker<\/a><\/li><\/ul><\/li><li><a href=https:\/\/poplus.org\/it\/siti-non-aams-vs-bookmakers-adm\/#11-conclusione>Conclusione<\/a><\/li><li><a href=https:\/\/poplus.org\/it\/siti-non-aams-vs-bookmakers-adm\/#12-domande-frequenti>Domande Frequenti<\/a><\/li><\/ul><\/li><\/ul><\/div><\/div><\/div>\n\n\n<h2 id=\"1-cosa-%C3%A8-laams\">Cosa \u00e8 l&#8217;AAMS?<\/h2>\n\n\n\n<p>L&#8217;AAMS \u00e8 l&#8217;organo di regolamentazione del gioco d&#8217;azzardo in Italia. \u00c8 responsabile dell&#8217;emissione delle licenze ai bookmaker sia locali che stranieri che operano sia nei casin\u00f2 terrestri che online. I titolari di licenza devono seguire regole e regolamenti rigorosi per ottenere e mantenere una licenza in Italia. L&#8217;AAMS si basa su audit regolari e software verificati per garantire che i giochi siano corretti.<\/p>\n\n\n\n<h2 id=\"2-come-scegliere-un-bookmaker-con-licenza-aams\">Come Scegliere un Bookmaker con Licenza AAMS<\/h2>\n\n\n\n<p>Leggi come selezionare il miglior bookmaker con licenza in Italia. Se stai cercando i <a href=\"https:\/\/sitinonaams.casino\/\">migliori siti non AAMS senza licenza<\/a>, non esitare ad uscire da questa pagina.&nbsp;<\/p>\n\n\n\n<h3 id=\"3-controlla-gli-sport-e-i-mercati-disponibili\">Controlla gli Sport e i Mercati Disponibili<\/h3>\n\n\n\n<p>Prima di tutto, \u00e8 fondamentale che il bookmaker offra scommesse sugli sport che ti interessano. La maggior parte dei bookmaker offre scommesse su una vasta gamma di sport, ma il numero di mercati che offrono per ogni partita o evento pu\u00f2 variare notevolmente. \u00c8 importante passare un po&#8217; di tempo a cercare tra gli sport su cui desideri scommettere per assicurarti che un bookmaker offra i tipi di mercati su cui ti piace scommettere. Gli sport e i mercati dovrebbero sempre essere una delle tue principali considerazioni quando pensi a come scegliere un bookmaker.<\/p>\n\n\n\n<h3 id=\"4-cerca-una-buona-selezione-di-quote\">Cerca una Buona Selezione di Quote<\/h3>\n\n\n\n<p>Le quote offerte dai bookmaker possono variare notevolmente. Se stai pensando di iscriverti a un solo bookmaker, assicurati che offra regolarmente le migliori quote sul tipo di selezioni su cui desideri scommettere. Non ottenere le migliori quote ridurr\u00e0 drasticamente il tuo ritorno sull&#8217;investimento e qualsiasi profitto che potresti ottenere dal gioco d&#8217;azzardo.<\/p>\n\n\n\n<h3 id=\"5-richiedi-le-offerte-di-benvenuto-dei-bookmaker\">Richiedi le Offerte di Benvenuto dei Bookmaker<\/h3>\n\n\n\n<p>Una delle principali ragioni per aprire un conto con nuovi bookmaker \u00e8 di approfittare delle offerte di benvenuto disponibili per i nuovi membri. Queste offerte sono spesso accreditate sul tuo conto come scommesse gratuite, e possono variare tra 20 e 100 euro. Che tu voglia utilizzare le scommesse gratuite per scommettere su selezioni su cui avresti scommesso comunque, o che tu stia pensando di fare un po&#8217; di matched betting per fare un profitto, le offerte di benvenuto sono una ragione importante per aprire un conto con un nuovo bookmaker.<\/p>\n\n\n\n<h3 id=\"6-sfrutta-le-concessioni-per-i-giocatori-esistenti\">Sfrutta le Concessioni per i Giocatori Esistenti<\/h3>\n\n\n\n<p>La concorrenza tra i bookmaker online \u00e8 tale che la maggior parte di loro offre una vasta scelta diconcessioni per i giocatori esistenti. Queste possono includere scommesse gratuite, bonus di ricarica, e programmi di fedelt\u00e0. Molti bookmaker offrono concessioni per le corse di cavalli, come scommesse potenziate, vincita ritornata come scommessa gratuita se il tuo cavallo cade, e le migliori quote garantite. Per grandi eventi come il Festival di Cheltenham, alcuni bookmaker offrono addirittura il rimborso della tua puntata come scommessa gratuita in determinate corse se la tua selezione perde.<\/p>\n\n\n\n<h3 id=\"7-controlla-la-licenza\">Controlla la Licenza<\/h3>\n\n\n\n<p>La licenza AAMS \u00e8 un indicatore di sicurezza e affidabilit\u00e0. Assicurati che il bookmaker che stai considerando abbia una licenza AAMS valida. Le licenze del Regno Unito e di Malta sono ampiamente accettate come le pi\u00f9 rigorose nel settore del gioco d&#8217;azzardo. I siti di scommesse regolamentati da queste autorit\u00e0 sono considerati sicuri e giusti.<\/p>\n\n\n\n<h3 id=\"8-scegli-un-metodo-di-pagamento\">Scegli un Metodo di Pagamento<\/h3>\n\n\n\n<p>I bookmaker offrono una variet\u00e0 di metodi di pagamento, e sta a te assicurarti che offrano quello che preferisci. Questi possono includere carte di debito, e-wallet, e carte prepagate. Le carte di credito possono essere utilizzate per effettuare depositi e prelievi presso i bookmaker in altri paesi. Altre opzioni di pagamento includono una variet\u00e0 di soluzioni di pagamento online, Apple Pay, e pagamenti mobili.<\/p>\n\n\n\n<h3 id=\"9-scegli-una-piattaforma\">Scegli una Piattaforma<\/h3>\n\n\n\n<p>Molti di noi ora preferiscono scommettere in movimento, e fortunatamente la maggior parte dei bookmaker online ora ci permette di scommettere su Android e iOS. Scommettere sul tuo telefono cellulare \u00e8 veloce e facile e, poich\u00e9 puoi scommettere quando e dove vuoi, non dovrai mai perdere una scommessa. Molti bookmaker offrono anche applicazioni mobili scaricabili che ti permettono di personalizzare l&#8217;aspetto e la navigazione del sito in base alle tue esigenze di scommessa.<\/p>\n\n\n\n<h3 id=\"10-non-limitarti-a-un-solo-bookmaker\">Non Limitarti a un Solo Bookmaker<\/h3>\n\n\n\n<p>Nonostante tu possa avere un bookmaker preferito, \u00e8 consigliabile non limitarsi a un solo operatore. Avere conti con pi\u00f9 bookmaker ti permette di sfruttare le migliori quote disponibili e di massimizzare i tuoi profitti dalle scommesse.<\/p>\n\n\n\n<h2 id=\"11-conclusione\">Conclusione<\/h2>\n\n\n\n<p>Scegliere un bookmaker con licenza AAMS non \u00e8 un compito facile, ma tenendo in considerazione i fattori sopra elencati, dovresti essere in grado di fare una scelta informata. Ricorda, la cosa pi\u00f9 importante \u00e8 che tu ti senta a tuo agio con il bookmaker che scegli e che ti offra un&#8217;esperienza di scommessa sicura e piacevole.<\/p>\n\n\n\n<h2 id=\"12-domande-frequenti\">Domande Frequenti<\/h2>\n\n\n<div class=\"wp-block-ub-content-toggle\" id=\"ub-content-toggle-db4315a8-f665-430f-a611-19e49efe13bf\"data-mobilecollapse=\"false\" data-desktopcollapse=\"false\">\n<div id=\"\" class=\"wp-block-ub-content-toggle-accordion\"\">\n                <div class=\"wp-block-ub-content-toggle-accordion-title-wrap\" aria-expanded=\"true\" aria-controls=\"ub-content-toggle-panel-0-db4315a8-f665-430f-a611-19e49efe13bf\" tabindex=\"0\">\n                    <h3 class=\"wp-block-ub-content-toggle-accordion-title ub-content-toggle-title-db4315a8-f665-430f-a611-19e49efe13bf\">Cosa significa avere una licenza AAMS?<\/h3><div class=\"wp-block-ub-content-toggle-accordion-toggle-wrap right\"><span class=\"wp-block-ub-content-toggle-accordion-state-indicator wp-block-ub-chevron-down open\"><\/span>\n                    <\/div><\/div><div role=\"region\" class=\"wp-block-ub-content-toggle-accordion-content-wrap\" id=\"ub-content-toggle-panel-0-db4315a8-f665-430f-a611-19e49efe13bf\">\n\n<p>Avere una licenza AAMS significa che il bookmaker ha soddisfatto una serie di requisiti rigorosi stabiliti dall&#8217;Amministrazione Autonoma dei Monopoli di Stato in Italia. Questi requisiti riguardano la sicurezza, l&#8217;equit\u00e0 dei giochi, e la protezione dei giocatori.<\/p>\n\n<\/div><\/div>\n\n<div id=\"\" class=\"wp-block-ub-content-toggle-accordion\"\">\n                <div class=\"wp-block-ub-content-toggle-accordion-title-wrap\" aria-expanded=\"true\" aria-controls=\"ub-content-toggle-panel-1-db4315a8-f665-430f-a611-19e49efe13bf\" tabindex=\"0\">\n                    <h3 class=\"wp-block-ub-content-toggle-accordion-title ub-content-toggle-title-db4315a8-f665-430f-a611-19e49efe13bf\">Come posso sapere se un bookmaker ha una licenza AAMS?<\/h3><div class=\"wp-block-ub-content-toggle-accordion-toggle-wrap right\"><span class=\"wp-block-ub-content-toggle-accordion-state-indicator wp-block-ub-chevron-down open\"><\/span>\n                    <\/div><\/div><div role=\"region\" class=\"wp-block-ub-content-toggle-accordion-content-wrap\" id=\"ub-content-toggle-panel-1-db4315a8-f665-430f-a611-19e49efe13bf\">\n\n<p>I bookmaker con licenza AAMS sono tenuti a mostrare il logo AAMS sul loro sito web. Inoltre, l&#8217;elenco dei bookmaker con licenza AAMS pu\u00f2 essere consultato sul sito web dell&#8217;AAMS.<\/p>\n\n<\/div><\/div>\n\n<div id=\"\" class=\"wp-block-ub-content-toggle-accordion\"\">\n                <div class=\"wp-block-ub-content-toggle-accordion-title-wrap\" aria-expanded=\"true\" aria-controls=\"ub-content-toggle-panel-2-db4315a8-f665-430f-a611-19e49efe13bf\" tabindex=\"0\">\n                    <h3 class=\"wp-block-ub-content-toggle-accordion-title ub-content-toggle-title-db4315a8-f665-430f-a611-19e49efe13bf\">Posso scommettere con un bookmaker senza licenza AAMS?<\/h3><div class=\"wp-block-ub-content-toggle-accordion-toggle-wrap right\"><span class=\"wp-block-ub-content-toggle-accordion-state-indicator wp-block-ub-chevron-down open\"><\/span>\n                    <\/div><\/div><div role=\"region\" class=\"wp-block-ub-content-toggle-accordion-content-wrap\" id=\"ub-content-toggle-panel-2-db4315a8-f665-430f-a611-19e49efe13bf\">\n\n<p>Scommettere con un bookmaker senza licenza AAMS \u00e8 illegale in Italia. Inoltre, scommettere con un bookmaker senza licenza pu\u00f2 comportare rischi significativi, poich\u00e9 questi operatori non sono regolamentati e non offrono le stesse protezioni ai giocatori dei bookmaker con licenza.<\/p>\n\n<\/div><\/div>\n\n<div id=\"\" class=\"wp-block-ub-content-toggle-accordion\"\">\n                <div class=\"wp-block-ub-content-toggle-accordion-title-wrap\" aria-expanded=\"true\" aria-controls=\"ub-content-toggle-panel-3-db4315a8-f665-430f-a611-19e49efe13bf\" tabindex=\"0\">\n                    <h3 class=\"wp-block-ub-content-toggle-accordion-title ub-content-toggle-title-db4315a8-f665-430f-a611-19e49efe13bf\">Quali sono i vantaggi di scommettere con un bookmaker con licenza AAMS?<\/h3><div class=\"wp-block-ub-content-toggle-accordion-toggle-wrap right\"><span class=\"wp-block-ub-content-toggle-accordion-state-indicator wp-block-ub-chevron-down open\"><\/span>\n                    <\/div><\/div><div role=\"region\" class=\"wp-block-ub-content-toggle-accordion-content-wrap\" id=\"ub-content-toggle-panel-3-db4315a8-f665-430f-a611-19e49efe13bf\">\n\n<p>Scommettere con un bookmaker con licenza AAMS offre una serie di vantaggi. Prima di tutto, ti assicura che stai scommettendo con un operatore che \u00e8 regolamentato e che rispetta le leggi italiane sul gioco d&#8217;azzardo. Inoltre, i bookmaker con licenza AAMS sono tenuti a offrire un ambiente di gioco sicuro e equo, e a proteggere i fondi dei giocatori. Infine, in caso di controversie, hai il diritto di presentare un reclamo all&#8217;AAMS, che pu\u00f2 intervenire per risolvere la questione.<\/p>\n\n<\/div><\/div>\n\n<div id=\"\" class=\"wp-block-ub-content-toggle-accordion\"\">\n                <div class=\"wp-block-ub-content-toggle-accordion-title-wrap\" aria-expanded=\"true\" aria-controls=\"ub-content-toggle-panel-4-db4315a8-f665-430f-a611-19e49efe13bf\" tabindex=\"0\">\n                    <h3 class=\"wp-block-ub-content-toggle-accordion-title ub-content-toggle-title-db4315a8-f665-430f-a611-19e49efe13bf\">Quali sono alcuni dei migliori bookmaker con licenza AAMS?<\/h3><div class=\"wp-block-ub-content-toggle-accordion-toggle-wrap right\"><span class=\"wp-block-ub-content-toggle-accordion-state-indicator wp-block-ub-chevron-down open\"><\/span>\n                    <\/div><\/div><div role=\"region\" class=\"wp-block-ub-content-toggle-accordion-content-wrap\" id=\"ub-content-toggle-panel-4-db4315a8-f665-430f-a611-19e49efe13bf\">\n\n<p>Ci sono molti bookmaker con licenza AAMS che offrono un&#8217;ottima esperienza di scommessa. Alcuni dei pi\u00f9 popolari includono Bet365, Sky Bet, Betfair, Betway, 10Bet, Snai, Eurobet. Ognuno di questi bookmaker ha qualcosa di unico e speciale, che pu\u00f2 essere un&#8217;offerta di benvenuto, concessioni per i giocatori esistenti, una vasta gamma di sport e mercati, o semplicemente quote che non puoi ottenere da nessun&#8217;altra parte.<\/p>\n\n<\/div><\/div>\n<\/div>","protected":false},"excerpt":{"rendered":"<p>Come Scegliere i Migliori Bookmaker con Licenza AAMS Scegliere il bookmaker giusto pu\u00f2 fare la differenza tra un&#8217;esperienza di scommessa piacevole e una frustrante. In Italia, la scelta del bookmaker <a href=\"https:\/\/poplus.org\/it\/siti-non-aams-vs-bookmakers-adm\/\">&#8230;.<\/a><\/p>\n","protected":false},"author":1,"featured_media":0,"parent":0,"menu_order":0,"comment_status":"closed","ping_status":"closed","template":"","meta":{"ub_ctt_via":""},"featured_image_src":null,"yoast_head":"<!-- This site is optimized with the Yoast SEO plugin v18.1 - https:\/\/yoast.com\/wordpress\/plugins\/seo\/ -->\n<title>Siti non AAMS vs bookmakers AAMS: come scegliere i migliori siti di scommesse<\/title>\n<meta name=\"description\" content=\"Cerchi i migliori siti non AAMS legali? Allora leggi prima questo articolo: ti insegniamo come trovare i migliori bookmaker italiani con licenza AAMS.\" \/>\n<meta name=\"robots\" content=\"index, follow, max-snippet:-1, max-image-preview:large, max-video-preview:-1\" \/>\n<link rel=\"canonical\" href=\"https:\/\/poplus.org\/it\/siti-non-aams-vs-bookmakers-adm\/\" \/>\n<meta property=\"og:locale\" content=\"it_IT\" \/>\n<meta property=\"og:type\" content=\"article\" \/>\n<meta property=\"og:title\" content=\"Siti non AAMS vs bookmakers AAMS: come scegliere i migliori siti di scommesse\" \/>\n<meta property=\"og:description\" content=\"Cerchi i migliori siti non AAMS legali? Allora leggi prima questo articolo: ti insegniamo come trovare i migliori bookmaker italiani con licenza AAMS.\" \/>\n<meta property=\"og:url\" content=\"https:\/\/poplus.org\/it\/siti-non-aams-vs-bookmakers-adm\/\" \/>\n<meta property=\"og:site_name\" content=\"PoPlus: Po&#039;s B\u00e4sta Online Casino Guiden i Sverige\" \/>\n<meta property=\"article:modified_time\" content=\"2023-06-07T06:52:29+00:00\" \/>\n<meta name=\"twitter:card\" content=\"summary_large_image\" \/>\n<meta name=\"twitter:label1\" content=\"Tempo di lettura stimato\" \/>\n\t<meta name=\"twitter:data1\" content=\"5 minutes\" \/>\n<script type=\"application\/ld+json\" class=\"yoast-schema-graph\">{\"@context\":\"https:\/\/schema.org\",\"@graph\":[{\"@type\":\"WebSite\",\"@id\":\"https:\/\/poplus.org\/#website\",\"url\":\"https:\/\/poplus.org\/\",\"name\":\"PoPlus: Po's B\u00e4sta Online Casino Guiden i Sverige\",\"description\":\"Majoriteten av alla svenska online casinon erbjuder idag n&aring;gon form av free spins som en standard del av sin v&auml;lkomstbonus, men s&aring;v&auml;l m&auml;ngden av free spins som f&ouml;ruts&auml;ttningarna f&ouml;r eventuella uttag p&aring; resulterande vinster varierar kraftigt fr&aring;n casino till casino. Vi har d&auml;rf&ouml;r sammanst&auml;llt denna top lista i f&ouml;rhoppningen om att kunna hj&auml;lpa dig in p&aring; r&auml;tt v&auml;g.\",\"potentialAction\":[{\"@type\":\"SearchAction\",\"target\":{\"@type\":\"EntryPoint\",\"urlTemplate\":\"https:\/\/poplus.org\/?s={search_term_string}\"},\"query-input\":\"required name=search_term_string\"}],\"inLanguage\":\"it-IT\"},{\"@type\":\"WebPage\",\"@id\":\"https:\/\/poplus.org\/it\/siti-non-aams-vs-bookmakers-adm\/#webpage\",\"url\":\"https:\/\/poplus.org\/it\/siti-non-aams-vs-bookmakers-adm\/\",\"name\":\"Siti non AAMS vs bookmakers AAMS: come scegliere i migliori siti di scommesse\",\"isPartOf\":{\"@id\":\"https:\/\/poplus.org\/#website\"},\"datePublished\":\"2023-06-07T06:52:25+00:00\",\"dateModified\":\"2023-06-07T06:52:29+00:00\",\"description\":\"Cerchi i migliori siti non AAMS legali? Allora leggi prima questo articolo: ti insegniamo come trovare i migliori bookmaker italiani con licenza AAMS.\",\"breadcrumb\":{\"@id\":\"https:\/\/poplus.org\/it\/siti-non-aams-vs-bookmakers-adm\/#breadcrumb\"},\"inLanguage\":\"it-IT\",\"potentialAction\":[{\"@type\":\"ReadAction\",\"target\":[\"https:\/\/poplus.org\/it\/siti-non-aams-vs-bookmakers-adm\/\"]}]},{\"@type\":\"BreadcrumbList\",\"@id\":\"https:\/\/poplus.org\/it\/siti-non-aams-vs-bookmakers-adm\/#breadcrumb\",\"itemListElement\":[{\"@type\":\"ListItem\",\"position\":1,\"name\":\"Home\",\"item\":\"https:\/\/poplus.org\/it\/\"},{\"@type\":\"ListItem\",\"position\":2,\"name\":\"Come Scegliere i Migliori Bookmaker con Licenza AAMS\"}]}]}<\/script>\n<!-- \/ Yoast SEO plugin. -->","yoast_head_json":{"title":"Siti non AAMS vs bookmakers AAMS: come scegliere i migliori siti di scommesse","description":"Cerchi i migliori siti non AAMS legali? Allora leggi prima questo articolo: ti insegniamo come trovare i migliori bookmaker italiani con licenza AAMS.","robots":{"index":"index","follow":"follow","max-snippet":"max-snippet:-1","max-image-preview":"max-image-preview:large","max-video-preview":"max-video-preview:-1"},"canonical":"https:\/\/poplus.org\/it\/siti-non-aams-vs-bookmakers-adm\/","og_locale":"it_IT","og_type":"article","og_title":"Siti non AAMS vs bookmakers AAMS: come scegliere i migliori siti di scommesse","og_description":"Cerchi i migliori siti non AAMS legali? Allora leggi prima questo articolo: ti insegniamo come trovare i migliori bookmaker italiani con licenza AAMS.","og_url":"https:\/\/poplus.org\/it\/siti-non-aams-vs-bookmakers-adm\/","og_site_name":"PoPlus: Po's B\u00e4sta Online Casino Guiden i Sverige","article_modified_time":"2023-06-07T06:52:29+00:00","twitter_card":"summary_large_image","twitter_misc":{"Tempo di lettura stimato":"5 minutes"},"schema":{"@context":"https:\/\/schema.org","@graph":[{"@type":"WebSite","@id":"https:\/\/poplus.org\/#website","url":"https:\/\/poplus.org\/","name":"PoPlus: Po's B\u00e4sta Online Casino Guiden i Sverige","description":"Majoriteten av alla svenska online casinon erbjuder idag n&aring;gon form av free spins som en standard del av sin v&auml;lkomstbonus, men s&aring;v&auml;l m&auml;ngden av free spins som f&ouml;ruts&auml;ttningarna f&ouml;r eventuella uttag p&aring; resulterande vinster varierar kraftigt fr&aring;n casino till casino. Vi har d&auml;rf&ouml;r sammanst&auml;llt denna top lista i f&ouml;rhoppningen om att kunna hj&auml;lpa dig in p&aring; r&auml;tt v&auml;g.","potentialAction":[{"@type":"SearchAction","target":{"@type":"EntryPoint","urlTemplate":"https:\/\/poplus.org\/?s={search_term_string}"},"query-input":"required name=search_term_string"}],"inLanguage":"it-IT"},{"@type":"WebPage","@id":"https:\/\/poplus.org\/it\/siti-non-aams-vs-bookmakers-adm\/#webpage","url":"https:\/\/poplus.org\/it\/siti-non-aams-vs-bookmakers-adm\/","name":"Siti non AAMS vs bookmakers AAMS: come scegliere i migliori siti di scommesse","isPartOf":{"@id":"https:\/\/poplus.org\/#website"},"datePublished":"2023-06-07T06:52:25+00:00","dateModified":"2023-06-07T06:52:29+00:00","description":"Cerchi i migliori siti non AAMS legali? Allora leggi prima questo articolo: ti insegniamo come trovare i migliori bookmaker italiani con licenza AAMS.","breadcrumb":{"@id":"https:\/\/poplus.org\/it\/siti-non-aams-vs-bookmakers-adm\/#breadcrumb"},"inLanguage":"it-IT","potentialAction":[{"@type":"ReadAction","target":["https:\/\/poplus.org\/it\/siti-non-aams-vs-bookmakers-adm\/"]}]},{"@type":"BreadcrumbList","@id":"https:\/\/poplus.org\/it\/siti-non-aams-vs-bookmakers-adm\/#breadcrumb","itemListElement":[{"@type":"ListItem","position":1,"name":"Home","item":"https:\/\/poplus.org\/it\/"},{"@type":"ListItem","position":2,"name":"Come Scegliere i Migliori Bookmaker con Licenza AAMS"}]}]}},"_links":{"self":[{"href":"https:\/\/poplus.org\/it\/wp-json\/wp\/v2\/pages\/314"}],"collection":[{"href":"https:\/\/poplus.org\/it\/wp-json\/wp\/v2\/pages"}],"about":[{"href":"https:\/\/poplus.org\/it\/wp-json\/wp\/v2\/types\/page"}],"author":[{"embeddable":true,"href":"https:\/\/poplus.org\/it\/wp-json\/wp\/v2\/users\/1"}],"replies":[{"embeddable":true,"href":"https:\/\/poplus.org\/it\/wp-json\/wp\/v2\/comments?post=314"}],"version-history":[{"count":2,"href":"https:\/\/poplus.org\/it\/wp-json\/wp\/v2\/pages\/314\/revisions"}],"predecessor-version":[{"id":316,"href":"https:\/\/poplus.org\/it\/wp-json\/wp\/v2\/pages\/314\/revisions\/316"}],"wp:attachment":[{"href":"https:\/\/poplus.org\/it\/wp-json\/wp\/v2\/media?parent=314"}],"curies":[{"name":"wp","href":"https:\/\/api.w.org\/{rel}","templated":true}]}}