{"id":263,"date":"2021-09-24T12:03:38","date_gmt":"2021-09-24T12:03:38","guid":{"rendered":"https:\/\/poplus.org\/?page_id=263"},"modified":"2022-02-21T21:22:54","modified_gmt":"2022-02-21T21:22:54","slug":"casino-non-aams-sicuri","status":"publish","type":"page","link":"https:\/\/poplus.org\/it\/casino-non-aams-sicuri\/","title":{"rendered":"\u00c8 legale giocare in un Casin\u00f2 Online senza licenza AAMS?"},"content":{"rendered":"\n<h1 id=\"0-%C3%A8-legale-giocare-in-un-casin%C3%B2-online-senza-licenza-aams\">\u00c8 legale giocare in un Casin\u00f2 Online senza licenza AAMS?<\/h1>\n\n\n\n<p>Una delle domande che ci viene posta pi\u00f9 spesso \u00e8: ma \u00e8 legale giocare in un <a href=\"https:\/\/poplus.org\/it\/\">Casin\u00f2 Online<\/a> senza licenza AAMS? E quali rischi si incorrono?<\/p>\n\n\n\n<p>Oggi abbiamo deciso di rispondere a tutte queste domande con un articolo dedicato, in modo da risolvere definitivamente eventuali dubbi e domande riguardo questa tematica.<\/p>\n\n\n\n<p>Leggi come scegliere il <a href=\"https:\/\/onlinecasinostranieri.com\">miglior casino online senza AAMS<\/a>.<\/p>\n\n\n\n<!--more-->\n\n\n<div class=\"ub_table-of-contents\" data-showtext=\"show\" data-hidetext=\"hide\" data-scrolltype=\"auto\" id=\"ub_table-of-contents-30e04ecb-64dc-44e5-b7a7-2deb52d4178f\" data-initiallyhideonmobile=\"false\"\n                    data-initiallyshow=\"true\"><div class=\"ub_table-of-contents-header-container\"><div class=\"ub_table-of-contents-header\">\n                    <div class=\"ub_table-of-contents-title\">Sommario<\/div><\/div><\/div><div class=\"ub_table-of-contents-extra-container\"><div class=\"ub_table-of-contents-container ub_table-of-contents-1-column \"><ul><li><a href=https:\/\/poplus.org\/it\/casino-non-aams-sicuri\/#0-%C3%A8-legale-giocare-in-un-casin%C3%B2-online-senza-licenza-aams>\u00c8 legale giocare in un Casin\u00f2 Online senza licenza AAMS?<\/a><ul><li><a href=https:\/\/poplus.org\/it\/casino-non-aams-sicuri\/#1-l%E2%80%99italia-presenta-leggi-molto-stringenti-sul-gioco-d%E2%80%99azzardo-ma-concede-il-gioco-sui-casin%C3%B2-stranieri->L\u2019Italia presenta leggi molto stringenti sul gioco d\u2019azzardo, ma concede il gioco sui Casin\u00f2 Stranieri<\/a><\/li><li><a href=https:\/\/poplus.org\/it\/casino-non-aams-sicuri\/#2-cosa-controllare-prima-di-iscriversi-su-un-casin%C3%B2-straniero->Cosa controllare prima di iscriversi su un Casin\u00f2 Straniero<\/a><ul><li><a href=https:\/\/poplus.org\/it\/casino-non-aams-sicuri\/#3-licenza->Licenza<\/a><\/li><li><a href=https:\/\/poplus.org\/it\/casino-non-aams-sicuri\/#4-supporto-clienti->Supporto Clienti<\/a><\/li><li><a href=https:\/\/poplus.org\/it\/casino-non-aams-sicuri\/#5-opzioni-per-il-deposito-e-prelievo->Opzioni per il deposito e prelievo<\/a><\/li><li><a href=https:\/\/poplus.org\/it\/casino-non-aams-sicuri\/#6-sicurezza->Sicurezza<\/a><\/li><\/ul><\/li><li><a href=https:\/\/poplus.org\/it\/casino-non-aams-sicuri\/#7-conclusioni->Conclusioni<\/a><\/li><\/ul><\/li><\/ul><\/div><\/div><\/div>\n\n\n<h2 id=\"1-l%E2%80%99italia-presenta-leggi-molto-stringenti-sul-gioco-d%E2%80%99azzardo-ma-concede-il-gioco-sui-casin%C3%B2-stranieri-\"><strong>L\u2019Italia presenta leggi molto stringenti sul gioco d\u2019azzardo, ma concede il gioco sui Casin\u00f2 Stranieri<\/strong><\/h2>\n\n\n\n<p>Per chi non lo sapesse, i Casin\u00f2 Online in Italia sono licenziati tutti quanti dall\u2019AAMS, Ente regolamentare che si occupa non solo del rilascio delle licenze, ma anche di controllare che i siti offrano un gioco equo e presentino software sicuri e riconosciuti a livello globale.<\/p>\n\n\n\n<figure class=\"wp-block-image size-large\"><img loading=\"lazy\" width=\"740\" height=\"245\" src=\"https:\/\/poplus.org\/wp-content\/uploads\/2021\/09\/Nomini.jpg\" alt=\"Nomini\" class=\"wp-image-270\" srcset=\"https:\/\/poplus.org\/wp-content\/uploads\/2021\/09\/Nomini.jpg 740w, https:\/\/poplus.org\/wp-content\/uploads\/2021\/09\/Nomini-300x99.jpg 300w\" sizes=\"(max-width: 740px) 100vw, 740px\" \/><\/figure>\n\n\n\n<p>Nonostante tutte queste norme molto stringenti, i giocatori italiani possono, se vogliono, esplorare altri lidi, andando a cercare Casin\u00f2 Stranieri (che ovviamente accettino giocatori provenienti dall\u2019Italia) ed eventualmente iscrivendocisi.<\/p>\n\n\n\n<p>Dal momento che le tipologie di licenza per i Casin\u00f2 Stranieri sono molto diverse da quelle italiane, ci sembra giusto andare pi\u00f9 nel dettaglio, fornendo ai lettori alcuni consigli utili per un gioco sicuro e divertente.<\/p>\n\n\n\n<h2 id=\"2-cosa-controllare-prima-di-iscriversi-su-un-casin%C3%B2-straniero-\"><strong>Cosa controllare prima di iscriversi su un Casin\u00f2 Straniero<\/strong><\/h2>\n\n\n\n<p>Come dicevamo in precedenza, ci sono diversi parametri che bisognerebbe controllare prima di iscriversi su un Casin\u00f2 Estero, vediamo quali.<\/p>\n\n\n\n<h3 id=\"3-licenza-\"><strong>Licenza<\/strong><\/h3>\n\n\n\n<p>La primissima cosa che si dovrebbe controllare su un Casin\u00f2 Straniero \u00e8 la tipologia di licenza che esso adotta. Licenze come Curacao e MGA (Malta) sono le pi\u00f9 comuni, e quindi le pi\u00f9 affidabili e sicure, mentre altre tipologie di licenze sono meno note e conosciute nel panorama del gioco d\u2019azzardo online, perci\u00f2 non ti consigliamo di allontanarti da queste due sopracitate.<\/p>\n\n\n\n<figure class=\"wp-block-image size-large is-resized\"><img loading=\"lazy\" src=\"https:\/\/poplus.org\/wp-content\/uploads\/2021\/09\/Licenza.jpg\" alt=\"Licenza\" class=\"wp-image-274\" width=\"740\" height=\"133\" srcset=\"https:\/\/poplus.org\/wp-content\/uploads\/2021\/09\/Licenza.jpg 740w, https:\/\/poplus.org\/wp-content\/uploads\/2021\/09\/Licenza-300x54.jpg 300w\" sizes=\"(max-width: 740px) 100vw, 740px\" \/><\/figure>\n\n\n\n<h3 id=\"4-supporto-clienti-\"><strong>Supporto Clienti<\/strong><\/h3>\n\n\n\n<p>Prima o poi potrebbe capitare che avrai bisogno dell\u2019Assistenza, per un problema con i pagamenti, per segnalare un bug su alcuni software e via dicendo. Proprio per questo motivo, avere un Supporto Clienti disponibile 24\/7 \u00e8 ormai diventato uno standard non da poco. Ti consigliamo quindi di testare il Supporto Clienti, al fine di vedere se risponde velocemente, e se \u00e8 disponibile in italiano o solamente in inglese.<\/p>\n\n\n\n<h3 id=\"5-opzioni-per-il-deposito-e-prelievo-\"><strong>Opzioni per il deposito e prelievo<\/strong><\/h3>\n\n\n\n<p>Dal momento che, solitamente, ci si iscrive in un Casin\u00f2 Online per giocare con soldi veri, le opzioni disponibili per effettuare il deposito ed il prelievo diventano un punto molto importante. Le carte di credito e i bonifici bancari restano i metodi standard su tutti i Casin\u00f2 Stranieri, ma non mancano anche gli e-wallets, metodi di pagamento alternativi, e persino le criptovalute come Bitcoin.<\/p>\n\n\n\n<figure class=\"wp-block-image size-large is-resized\"><img loading=\"lazy\" src=\"https:\/\/poplus.org\/wp-content\/uploads\/2021\/09\/Opzioni-per-il-deposito-e-prelievo.jpg\" alt=\"Opzioni per il deposito e prelievo\" class=\"wp-image-279\" width=\"740\" height=\"67\" srcset=\"https:\/\/poplus.org\/wp-content\/uploads\/2021\/09\/Opzioni-per-il-deposito-e-prelievo.jpg 740w, https:\/\/poplus.org\/wp-content\/uploads\/2021\/09\/Opzioni-per-il-deposito-e-prelievo-300x27.jpg 300w\" sizes=\"(max-width: 740px) 100vw, 740px\" \/><\/figure>\n\n\n\n<p>Inoltre, controlla sempre che il Casin\u00f2 non possieda commissioni o tasse per le transazioni, al fine di ritrovarti con brutte sorprese soltanto dopo aver gi\u00e0 speso i tuoi soldi.<\/p>\n\n\n\n<h3 id=\"6-sicurezza-\"><strong>Sicurezza<\/strong><\/h3>\n\n\n\n<p>Non smetteremo mai di dirlo: la sicurezza deve essere uno, se non il primo, fattore da tenere in considerazione quando si sceglie un Casin\u00f2 Online. Il motivo \u00e8 molto semplice: si stanno fornendo ad un sito web \u201csconosciuto\u201d, moltissime informazioni personali, come il proprio nome, il proprio indirizzo e, cosa pi\u00f9 importante, i dati dei propri metodi di pagamento.<\/p>\n\n\n\n<figure class=\"wp-block-image size-large is-resized\"><img loading=\"lazy\" src=\"https:\/\/poplus.org\/wp-content\/uploads\/2021\/09\/Wazamba.jpg\" alt=\"Wazamba\" class=\"wp-image-283\" width=\"740\" height=\"409\" srcset=\"https:\/\/poplus.org\/wp-content\/uploads\/2021\/09\/Wazamba.jpg 740w, https:\/\/poplus.org\/wp-content\/uploads\/2021\/09\/Wazamba-300x166.jpg 300w\" sizes=\"(max-width: 740px) 100vw, 740px\" \/><\/figure>\n\n\n\n<p>Per questo motivo bisogna assicurarsi che le piattaforme di gioco d\u2019azzardo scelte utilizzino un software di criptazione SSL a 128bit, grazie al quale sar\u00e0 impossibile avere perdite di dati od essere hackerati.<\/p>\n\n\n\n<h2 id=\"7-conclusioni-\"><strong>Conclusioni<\/strong><\/h2>\n\n\n\n<p>Abbiamo potuto vedere come, in Italia, sia perfettamente legale iscriversi ad un Casin\u00f2 Straniero senza licenza AAMS. Vi abbiamo fornito alcuni fattori molto importanti da controllare prima di effettuare la registrazione in tali piattaforme, e speriamo che questa piccola guida vi sia d\u2019aiuto nel vostro percorso verso il gioco d\u2019azzardo online.<br>Non ci resta che augurarvi buon divertimento, ricordandovi di giocare sempre responsabilmente.<\/p>\n","protected":false},"excerpt":{"rendered":"<p>\u00c8 legale giocare in un Casin\u00f2 Online senza licenza AAMS? Una delle domande che ci viene posta pi\u00f9 spesso \u00e8: ma \u00e8 legale giocare in un Casin\u00f2 Online senza licenza <a href=\"https:\/\/poplus.org\/it\/casino-non-aams-sicuri\/\">&#8230;.<\/a><\/p>\n","protected":false},"author":1,"featured_media":0,"parent":0,"menu_order":0,"comment_status":"closed","ping_status":"closed","template":"","meta":{"ub_ctt_via":""},"featured_image_src":null,"yoast_head":"<!-- This site is optimized with the Yoast SEO plugin v18.1 - https:\/\/yoast.com\/wordpress\/plugins\/seo\/ -->\n<title>Casino non AAMS | \u00c8 legale giocare in un Casin\u00f2 online stranieri?<\/title>\n<meta name=\"description\" content=\"Una delle domande che ci viene posta pi\u00f9 spesso \u00e8: ma \u00e8 legale giocare in un Casin\u00f2 Online senza licenza AAMS? E quali rischi si incorrono? Oggi abbiamo deciso di rispondere a tutte queste domande con un articolo dedicato, in modo da risolvere definitivamente eventuali dubbi e domande riguardo questa tematica.\" \/>\n<meta name=\"robots\" content=\"index, follow, max-snippet:-1, max-image-preview:large, max-video-preview:-1\" \/>\n<link rel=\"canonical\" href=\"https:\/\/poplus.org\/it\/casino-non-aams-sicuri\/\" \/>\n<meta property=\"og:locale\" content=\"it_IT\" \/>\n<meta property=\"og:type\" content=\"article\" \/>\n<meta property=\"og:title\" content=\"Casino non AAMS | \u00c8 legale giocare in un Casin\u00f2 online stranieri?\" \/>\n<meta property=\"og:description\" content=\"Una delle domande che ci viene posta pi\u00f9 spesso \u00e8: ma \u00e8 legale giocare in un Casin\u00f2 Online senza licenza AAMS? E quali rischi si incorrono? Oggi abbiamo deciso di rispondere a tutte queste domande con un articolo dedicato, in modo da risolvere definitivamente eventuali dubbi e domande riguardo questa tematica.\" \/>\n<meta property=\"og:url\" content=\"https:\/\/poplus.org\/it\/casino-non-aams-sicuri\/\" \/>\n<meta property=\"og:site_name\" content=\"PoPlus: Po&#039;s B\u00e4sta Online Casino Guiden i Sverige\" \/>\n<meta property=\"article:modified_time\" content=\"2022-02-21T21:22:54+00:00\" \/>\n<meta property=\"og:image\" content=\"https:\/\/poplus.org\/wp-content\/uploads\/2021\/09\/Nomini.jpg\" \/>\n<meta name=\"twitter:card\" content=\"summary_large_image\" \/>\n<meta name=\"twitter:label1\" content=\"Tempo di lettura stimato\" \/>\n\t<meta name=\"twitter:data1\" content=\"4 minutes\" \/>\n<script type=\"application\/ld+json\" class=\"yoast-schema-graph\">{\"@context\":\"https:\/\/schema.org\",\"@graph\":[{\"@type\":\"WebSite\",\"@id\":\"https:\/\/poplus.org\/#website\",\"url\":\"https:\/\/poplus.org\/\",\"name\":\"PoPlus: Po's B\u00e4sta Online Casino Guiden i Sverige\",\"description\":\"Majoriteten av alla svenska online casinon erbjuder idag n&aring;gon form av free spins som en standard del av sin v&auml;lkomstbonus, men s&aring;v&auml;l m&auml;ngden av free spins som f&ouml;ruts&auml;ttningarna f&ouml;r eventuella uttag p&aring; resulterande vinster varierar kraftigt fr&aring;n casino till casino. Vi har d&auml;rf&ouml;r sammanst&auml;llt denna top lista i f&ouml;rhoppningen om att kunna hj&auml;lpa dig in p&aring; r&auml;tt v&auml;g.\",\"potentialAction\":[{\"@type\":\"SearchAction\",\"target\":{\"@type\":\"EntryPoint\",\"urlTemplate\":\"https:\/\/poplus.org\/?s={search_term_string}\"},\"query-input\":\"required name=search_term_string\"}],\"inLanguage\":\"it-IT\"},{\"@type\":\"ImageObject\",\"@id\":\"https:\/\/poplus.org\/it\/casino-non-aams-sicuri\/#primaryimage\",\"inLanguage\":\"it-IT\",\"url\":\"https:\/\/poplus.org\/wp-content\/uploads\/2021\/09\/Nomini.jpg\",\"contentUrl\":\"https:\/\/poplus.org\/wp-content\/uploads\/2021\/09\/Nomini.jpg\",\"width\":740,\"height\":245},{\"@type\":\"WebPage\",\"@id\":\"https:\/\/poplus.org\/it\/casino-non-aams-sicuri\/#webpage\",\"url\":\"https:\/\/poplus.org\/it\/casino-non-aams-sicuri\/\",\"name\":\"Casino non AAMS | \u00c8 legale giocare in un Casin\u00f2 online stranieri?\",\"isPartOf\":{\"@id\":\"https:\/\/poplus.org\/#website\"},\"primaryImageOfPage\":{\"@id\":\"https:\/\/poplus.org\/it\/casino-non-aams-sicuri\/#primaryimage\"},\"datePublished\":\"2021-09-24T12:03:38+00:00\",\"dateModified\":\"2022-02-21T21:22:54+00:00\",\"description\":\"Una delle domande che ci viene posta pi\u00f9 spesso \u00e8: ma \u00e8 legale giocare in un Casin\u00f2 Online senza licenza AAMS? E quali rischi si incorrono? Oggi abbiamo deciso di rispondere a tutte queste domande con un articolo dedicato, in modo da risolvere definitivamente eventuali dubbi e domande riguardo questa tematica.\",\"breadcrumb\":{\"@id\":\"https:\/\/poplus.org\/it\/casino-non-aams-sicuri\/#breadcrumb\"},\"inLanguage\":\"it-IT\",\"potentialAction\":[{\"@type\":\"ReadAction\",\"target\":[\"https:\/\/poplus.org\/it\/casino-non-aams-sicuri\/\"]}]},{\"@type\":\"BreadcrumbList\",\"@id\":\"https:\/\/poplus.org\/it\/casino-non-aams-sicuri\/#breadcrumb\",\"itemListElement\":[{\"@type\":\"ListItem\",\"position\":1,\"name\":\"Home\",\"item\":\"https:\/\/poplus.org\/it\/\"},{\"@type\":\"ListItem\",\"position\":2,\"name\":\"\u00c8 legale giocare in un Casin\u00f2 Online senza licenza AAMS?\"}]}]}<\/script>\n<!-- \/ Yoast SEO plugin. -->","yoast_head_json":{"title":"Casino non AAMS | \u00c8 legale giocare in un Casin\u00f2 online stranieri?","description":"Una delle domande che ci viene posta pi\u00f9 spesso \u00e8: ma \u00e8 legale giocare in un Casin\u00f2 Online senza licenza AAMS? E quali rischi si incorrono? Oggi abbiamo deciso di rispondere a tutte queste domande con un articolo dedicato, in modo da risolvere definitivamente eventuali dubbi e domande riguardo questa tematica.","robots":{"index":"index","follow":"follow","max-snippet":"max-snippet:-1","max-image-preview":"max-image-preview:large","max-video-preview":"max-video-preview:-1"},"canonical":"https:\/\/poplus.org\/it\/casino-non-aams-sicuri\/","og_locale":"it_IT","og_type":"article","og_title":"Casino non AAMS | \u00c8 legale giocare in un Casin\u00f2 online stranieri?","og_description":"Una delle domande che ci viene posta pi\u00f9 spesso \u00e8: ma \u00e8 legale giocare in un Casin\u00f2 Online senza licenza AAMS? E quali rischi si incorrono? Oggi abbiamo deciso di rispondere a tutte queste domande con un articolo dedicato, in modo da risolvere definitivamente eventuali dubbi e domande riguardo questa tematica.","og_url":"https:\/\/poplus.org\/it\/casino-non-aams-sicuri\/","og_site_name":"PoPlus: Po's B\u00e4sta Online Casino Guiden i Sverige","article_modified_time":"2022-02-21T21:22:54+00:00","og_image":[{"url":"https:\/\/poplus.org\/wp-content\/uploads\/2021\/09\/Nomini.jpg"}],"twitter_card":"summary_large_image","twitter_misc":{"Tempo di lettura stimato":"4 minutes"},"schema":{"@context":"https:\/\/schema.org","@graph":[{"@type":"WebSite","@id":"https:\/\/poplus.org\/#website","url":"https:\/\/poplus.org\/","name":"PoPlus: Po's B\u00e4sta Online Casino Guiden i Sverige","description":"Majoriteten av alla svenska online casinon erbjuder idag n&aring;gon form av free spins som en standard del av sin v&auml;lkomstbonus, men s&aring;v&auml;l m&auml;ngden av free spins som f&ouml;ruts&auml;ttningarna f&ouml;r eventuella uttag p&aring; resulterande vinster varierar kraftigt fr&aring;n casino till casino. Vi har d&auml;rf&ouml;r sammanst&auml;llt denna top lista i f&ouml;rhoppningen om att kunna hj&auml;lpa dig in p&aring; r&auml;tt v&auml;g.","potentialAction":[{"@type":"SearchAction","target":{"@type":"EntryPoint","urlTemplate":"https:\/\/poplus.org\/?s={search_term_string}"},"query-input":"required name=search_term_string"}],"inLanguage":"it-IT"},{"@type":"ImageObject","@id":"https:\/\/poplus.org\/it\/casino-non-aams-sicuri\/#primaryimage","inLanguage":"it-IT","url":"https:\/\/poplus.org\/wp-content\/uploads\/2021\/09\/Nomini.jpg","contentUrl":"https:\/\/poplus.org\/wp-content\/uploads\/2021\/09\/Nomini.jpg","width":740,"height":245},{"@type":"WebPage","@id":"https:\/\/poplus.org\/it\/casino-non-aams-sicuri\/#webpage","url":"https:\/\/poplus.org\/it\/casino-non-aams-sicuri\/","name":"Casino non AAMS | \u00c8 legale giocare in un Casin\u00f2 online stranieri?","isPartOf":{"@id":"https:\/\/poplus.org\/#website"},"primaryImageOfPage":{"@id":"https:\/\/poplus.org\/it\/casino-non-aams-sicuri\/#primaryimage"},"datePublished":"2021-09-24T12:03:38+00:00","dateModified":"2022-02-21T21:22:54+00:00","description":"Una delle domande che ci viene posta pi\u00f9 spesso \u00e8: ma \u00e8 legale giocare in un Casin\u00f2 Online senza licenza AAMS? E quali rischi si incorrono? Oggi abbiamo deciso di rispondere a tutte queste domande con un articolo dedicato, in modo da risolvere definitivamente eventuali dubbi e domande riguardo questa tematica.","breadcrumb":{"@id":"https:\/\/poplus.org\/it\/casino-non-aams-sicuri\/#breadcrumb"},"inLanguage":"it-IT","potentialAction":[{"@type":"ReadAction","target":["https:\/\/poplus.org\/it\/casino-non-aams-sicuri\/"]}]},{"@type":"BreadcrumbList","@id":"https:\/\/poplus.org\/it\/casino-non-aams-sicuri\/#breadcrumb","itemListElement":[{"@type":"ListItem","position":1,"name":"Home","item":"https:\/\/poplus.org\/it\/"},{"@type":"ListItem","position":2,"name":"\u00c8 legale giocare in un Casin\u00f2 Online senza licenza AAMS?"}]}]}},"_links":{"self":[{"href":"https:\/\/poplus.org\/it\/wp-json\/wp\/v2\/pages\/263"}],"collection":[{"href":"https:\/\/poplus.org\/it\/wp-json\/wp\/v2\/pages"}],"about":[{"href":"https:\/\/poplus.org\/it\/wp-json\/wp\/v2\/types\/page"}],"author":[{"embeddable":true,"href":"https:\/\/poplus.org\/it\/wp-json\/wp\/v2\/users\/1"}],"replies":[{"embeddable":true,"href":"https:\/\/poplus.org\/it\/wp-json\/wp\/v2\/comments?post=263"}],"version-history":[{"count":6,"href":"https:\/\/poplus.org\/it\/wp-json\/wp\/v2\/pages\/263\/revisions"}],"predecessor-version":[{"id":307,"href":"https:\/\/poplus.org\/it\/wp-json\/wp\/v2\/pages\/263\/revisions\/307"}],"wp:attachment":[{"href":"https:\/\/poplus.org\/it\/wp-json\/wp\/v2\/media?parent=263"}],"curies":[{"name":"wp","href":"https:\/\/api.w.org\/{rel}","templated":true}]}}