{"id":235,"date":"2021-09-23T18:06:09","date_gmt":"2021-09-23T18:06:09","guid":{"rendered":"https:\/\/poplus.org\/?page_id=235"},"modified":"2022-02-21T21:19:21","modified_gmt":"2022-02-21T21:19:21","slug":"bitcoin-casino","status":"publish","type":"page","link":"https:\/\/poplus.org\/it\/bitcoin-casino\/","title":{"rendered":"Quali sono i migliori casin\u00f2 Bitcoin per i giocatori svizzeri?"},"content":{"rendered":"\n<h1 id=\"0-quali-sono-i-migliori-casin%C3%B2-bitcoin-per-i-giocatori-svizzeri\">Quali sono i migliori casin\u00f2 Bitcoin per i giocatori svizzeri?<\/h1>\n\n\n\n<h2 id=\"1-introduzione\">Introduzione<\/h2>\n\n\n\n<ul><li>Sei svizzero e vorresti scommettere con i Bitcoin su un casin\u00f2?<\/li><li>Credi che nessun casin\u00f2 online permetta di scommettere utilizzando i BTC?<\/li><li>Vuoi scoprire quali sono i vantaggi nell&#8217;utilizzo dei BTC?<\/li><li><a href=\"https:\/\/scommessestranieri.com\/bitcoin-casino\/\">Come scegliere il miglior casino Bitcoin<\/a>?<\/li><\/ul>\n\n\n\n<p>Si sente sempre pi\u00f9 spesso parlare di Bitcoin ma ancora sono pochi i <a href=\"https:\/\/poplus.org\/it\/\">casin\u00f2 online<\/a> che permettono ai giocatori svizzeri di utilizzarlo. Ecco perch\u00e9 in questo articolo siamo andati ad esaminare le tipologie di casin\u00f2 online che accettano i Bitcoin che abbiamo testato personalmente e riteniamo essere particolarmente vantaggiose per i giocatori. <\/p>\n\n\n\n<!--more-->\n\n\n\n<p>Se vuoi scoprire quali sono i vantaggi nell&#8217;utilizzare i Bitcoin, se ti piacerebbe comprendere dove i giocatori svizzeri possono scommettere, leggi l&#8217;articolo dove ti spiegheremo tutto nel dettaglio.&nbsp;<\/p>\n\n\n\n<figure class=\"wp-block-image size-large\"><img loading=\"lazy\" width=\"740\" height=\"378\" src=\"https:\/\/poplus.org\/wp-content\/uploads\/2021\/09\/7bitcasino.jpg\" alt=\"7bitcasino\" class=\"wp-image-246\" srcset=\"https:\/\/poplus.org\/wp-content\/uploads\/2021\/09\/7bitcasino.jpg 740w, https:\/\/poplus.org\/wp-content\/uploads\/2021\/09\/7bitcasino-300x153.jpg 300w\" sizes=\"(max-width: 740px) 100vw, 740px\" \/><\/figure>\n\n\n<div class=\"ub_table-of-contents\" data-showtext=\"show\" data-hidetext=\"hide\" data-scrolltype=\"auto\" id=\"ub_table-of-contents-3367e81c-4b87-4db8-b10f-841aaef5fa24\" data-initiallyhideonmobile=\"false\"\n                    data-initiallyshow=\"true\"><div class=\"ub_table-of-contents-header-container\"><div class=\"ub_table-of-contents-header\">\n                    <div class=\"ub_table-of-contents-title\">Sommario<\/div><\/div><\/div><div class=\"ub_table-of-contents-extra-container\"><div class=\"ub_table-of-contents-container ub_table-of-contents-1-column \"><ul><li><a href=https:\/\/poplus.org\/it\/bitcoin-casino\/#0-quali-sono-i-migliori-casin%C3%B2-bitcoin-per-i-giocatori-svizzeri>Quali sono i migliori casin\u00f2 Bitcoin per i giocatori svizzeri?<\/a><ul><li><a href=https:\/\/poplus.org\/it\/bitcoin-casino\/#1-introduzione>Introduzione<\/a><\/li><li><a href=https:\/\/poplus.org\/it\/bitcoin-casino\/#2-in-quali-casin%C3%B2-online-%C3%A8-presente-il-btc-tra-i-metodi-di-pagamento>In quali casin\u00f2 online \u00e8 presente il BTC tra i metodi di pagamento?<\/a><\/li><li><a href=https:\/\/poplus.org\/it\/bitcoin-casino\/#3-perch%C3%A9-i-giocatori-dovrebbero-scommettere-su-questi-casin%C3%B2>Perch\u00e9 i giocatori dovrebbero scommettere su questi casin\u00f2?<\/a><\/li><li><a href=https:\/\/poplus.org\/it\/bitcoin-casino\/#4-i-casin%C3%B2-cfmj-prevedono-questo-metodo-di-pagamento>I casin\u00f2 CFMJ prevedono questo metodo di pagamento?<\/a><\/li><li><a href=https:\/\/poplus.org\/it\/bitcoin-casino\/#5-quali-sono-i-pro-e-i-contro-del-btc-nei-casin%C3%B2-online>Quali sono i pro e i contro del BTC nei casin\u00f2 online?<\/a><ul><li><a href=https:\/\/poplus.org\/it\/bitcoin-casino\/#6-pro>Pro<\/a><\/li><li><a href=https:\/\/poplus.org\/it\/bitcoin-casino\/#7-contro>Contro<\/a><\/li><\/ul><\/li><li><a href=https:\/\/poplus.org\/it\/bitcoin-casino\/#8-sui-migliori-casin%C3%B2-svizzeri-%C3%A8-presente-un-buon-servizio-dassistenza>Sui migliori casin\u00f2 svizzeri \u00e8 presente un buon servizio d&#8217;assistenza?<\/a><\/li><li><a href=https:\/\/poplus.org\/it\/bitcoin-casino\/#9-conclusioni->Conclusioni<\/a><\/li><\/ul><\/li><\/ul><\/div><\/div><\/div>\n\n\n<h2 id=\"2-in-quali-casin%C3%B2-online-%C3%A8-presente-il-btc-tra-i-metodi-di-pagamento\">In quali casin\u00f2 online \u00e8 presente il BTC tra i metodi di pagamento?<\/h2>\n\n\n\n<p>I Bitcoin sono presenti in pochissimi casin\u00f2 online. Questi casin\u00f2 nella maggior parte dei casi presentano una licenza straniera, con questa terminologia si intendono tutti quei casin\u00f2 che hanno una licenza MGA oppure rilasciata dal Curacao o ancora da altre nazioni.&nbsp;<\/p>\n\n\n\n<p>I Bitcoin per ora sono presenti solo sui casin\u00f2 che hanno licenze del Curacao o di Malta. Utilizzare questo metodo di pagamento \u00e8 piuttosto semplice, infatti l&#8217;unica cosa che si dovrebbe fare \u00e8 quella di accedere al casin\u00f2 dopo essersi registrati e scegliere il metodo di pagamento. Le transazioni funzionano allo stesso modo di tutti gli altri metodi di pagamento e sono immediate, sia per quanto riguarda i prelievi che per i depositi.&nbsp;<\/p>\n\n\n\n<p>Per quanto riguarda il Bitcoin, uno dei vantaggi pi\u00f9 evidenti \u00e8 che non \u00e8 necessario inserire i propri dati finanziari che quindi non potranno mai essere rubati.&nbsp;<\/p>\n\n\n\n<h2 id=\"3-perch%C3%A9-i-giocatori-dovrebbero-scommettere-su-questi-casin%C3%B2\">Perch\u00e9 i giocatori dovrebbero scommettere su questi casin\u00f2?<\/h2>\n\n\n\n<p>Scommettere su questi casin\u00f2 online \u00e8 molto vantaggioso. Infatti nonostante essi siano stranieri i giocatori non devono necessariamente pagare le tasse, semplicemente perch\u00e9 gli enti statali non sono in grado di effettuare controlli su queste tipologie di transazioni.&nbsp;<\/p>\n\n\n\n<p>Le transazioni in BTC sono crittografate, non si possono leggere le informazioni che garantiscono e certificano la transazione, tuttavia l&#8217;unico strumento che le certifica \u00e8 la blockchain. Ogni scommettitore ha quindi la possibilit\u00e0 di poter scommettere liberamente e usufruire anche di tanti bonus.&nbsp;<\/p>\n\n\n\n<p>Questi casin\u00f2 online spesso organizzano anche tornei per giocatori svizzeri in cui si possono vincere dei premi molto importanti, come ad esempio macchine come la Tesla o viaggi in altre zone nel mondo.&nbsp;<\/p>\n\n\n\n<p>I giochi presenti all&#8217;interno di questi casin\u00f2 online sono comunque moltissimi, infatti cos\u00ec come tanti altri casin\u00f2 ci sono i giochi pi\u00f9 famosi offerti da provider famosi. Anche nella sezione live \u00e8 possibile utilizzare in quasi tutte le stanze il BTC.&nbsp;<\/p>\n\n\n\n<figure class=\"wp-block-image size-large is-resized\"><img loading=\"lazy\" src=\"https:\/\/poplus.org\/wp-content\/uploads\/2021\/09\/Bitstarz.jpg\" alt=\"Bitstarz\" class=\"wp-image-254\" width=\"740\" height=\"372\" srcset=\"https:\/\/poplus.org\/wp-content\/uploads\/2021\/09\/Bitstarz.jpg 740w, https:\/\/poplus.org\/wp-content\/uploads\/2021\/09\/Bitstarz-300x151.jpg 300w\" sizes=\"(max-width: 740px) 100vw, 740px\" \/><\/figure>\n\n\n\n<h2 id=\"4-i-casin%C3%B2-cfmj-prevedono-questo-metodo-di-pagamento\">I casin\u00f2 CFMJ prevedono questo metodo di pagamento?<\/h2>\n\n\n\n<p>No, all&#8217;interno dei casin\u00f2 CFMJ non si possono utilizzare i Bitcoin come metodo di pagamento, questo significa che il giocatore dovr\u00e0 utilizzare per scommettere solo uno dei metodi previsti. In genere sono presenti i metodi tradizionali di pagamento come:<\/p>\n\n\n\n<ul><li>Mastercard;<\/li><li>Paypal;<\/li><li>Postepay;<\/li><li>VISA;<\/li><li>Neteller;<\/li><li>Skrill;<\/li><li>Paysafecard<\/li><\/ul>\n\n\n\n<p>Non sono presenti altri metodi di pagamento poco tradizionali come ad esempio quelli strettamente connessi alle Altcoin e ai Bitcoin. Per scommettere con i BTC devi cercare i casin\u00f2 stranieri che consentono questa funzione. Non ti far ingannare dai casin\u00f2 che dichiarano di accettare questi metodi e poi non hanno licenze per operare legalmente, potrebbero essere delle frodi.&nbsp;<\/p>\n\n\n\n<p>In ogni caso il casin\u00f2 deve possedere una licenza regolare, qualunque essa sia.&nbsp;<\/p>\n\n\n\n<h2 id=\"5-quali-sono-i-pro-e-i-contro-del-btc-nei-casin%C3%B2-online\">Quali sono i pro e i contro del BTC nei casin\u00f2 online?<\/h2>\n\n\n\n<p>I Bitcoin, cos\u00ec come tutti gli altri metodi di pagamento nei casin\u00f2 online, presentano dei punti di forza e altri di debolezza. Abbiamo cercato di raccogliere qui sotto tutte le motivazioni che possono spingere i giocatori svizzeri a scommettere nei casin\u00f2 online stranieri utilizzando i Bitcoin. In seguito abbiamo cercato anche di valutare quali possono essere gli aspetti negativi di questo metodo di pagamento.&nbsp;<\/p>\n\n\n\n<h3 id=\"6-pro\">Pro<\/h3>\n\n\n\n<p>Tra gli aspetti positivi rientrano sicuramente quelli qui sotto:<\/p>\n\n\n\n<ul><li>Possibilit\u00e0 di effettuare transazioni immediate con una conversione identica a quella del mercato;<\/li><li>Possibilit\u00e0 di effettuare dei prelievi e aumentare il proprio guadagno grazie a una crescita del valore del BTC;<\/li><li>I Bitcoin offrono la possibilit\u00e0 di poter effettuare transazioni crittografate ma allo stesso tempo sicure perch\u00e9 garantite dalla catena Blockchain;<\/li><li>Pagamenti innovativi presenti in casin\u00f2 altrettanto innovativi che offrono bonus e tipologie di torneo che non si possono trovare in altri;<\/li><li>I giocatori che utilizzano le cripto non devono necessariamente pagare le tasse perch\u00e9 \u00e8 impossibile risalire al nome della persona che ha effettuato una transazione;<\/li><li>Facilit\u00e0 di utilizzo molto elevata;<\/li><li>Sicurezza superiore alla media, non ci sar\u00e0 alcun rischio che qualcuno si impossessi di informazioni finanziarie perch\u00e9 esse non vengono proprio inserite.<\/li><\/ul>\n\n\n\n<figure class=\"wp-block-image size-large is-resized\"><img loading=\"lazy\" src=\"https:\/\/poplus.org\/wp-content\/uploads\/2021\/09\/Betflip.jpg\" alt=\"Betflip\" class=\"wp-image-250\" width=\"740\" height=\"340\" srcset=\"https:\/\/poplus.org\/wp-content\/uploads\/2021\/09\/Betflip.jpg 740w, https:\/\/poplus.org\/wp-content\/uploads\/2021\/09\/Betflip-300x138.jpg 300w\" sizes=\"(max-width: 740px) 100vw, 740px\" \/><\/figure>\n\n\n\n<h3 id=\"7-contro\">Contro<\/h3>\n\n\n\n<p>Tra gli aspetti negativi per i giocatori svizzeri ci sono i seguenti:<\/p>\n\n\n\n<ul><li>Non tutti conoscono questo metodo di pagamento;<\/li><li>A volte si hanno difficolt\u00e0 a conservare i BTC perch\u00e9 non si \u00e8 in possesso di appositi wallet online sicuri;<\/li><li>Non tutti i casin\u00f2 consentono ai giocatori di utilizzare i BTC o le Altcoin.&nbsp;<\/li><\/ul>\n\n\n\n<h2 id=\"8-sui-migliori-casin%C3%B2-svizzeri-%C3%A8-presente-un-buon-servizio-dassistenza\">Sui migliori casin\u00f2 svizzeri \u00e8 presente un buon servizio d&#8217;assistenza?<\/h2>\n\n\n\n<p>Su tutti i casin\u00f2 in Svizzera che accettano BTC il servizio d&#8217;assistenza \u00e8 eccellente, al pari di quello di molti altri casin\u00f2. Questa non \u00e8 una casualit\u00e0 perch\u00e9 questi casin\u00f2 vogliono garantire al giocatore la migliore esperienza possibile di gioco, e soprattutto supportarlo per ogni domanda che si pone. Se vuoi utilizzare i BTC ma non sai da dove iniziare puoi fare qualsiasi domanda al servizio d&#8217;assistenza di questi casin\u00f2 online che consentono questo metodo di pagamento.&nbsp;<\/p>\n\n\n\n<h2 id=\"9-conclusioni-\">Conclusioni <\/h2>\n\n\n\n<p>Adesso, se sei un giocatore svizzero, probabilmente hai la visione chiara di come cercare un casin\u00f2 che permette di utilizzare i BTC e quali aspetti considerare. Non ti far trarre in inganno da quelli che promettono molto ma non consentono questo metodo di pagamento. Valuta anche la transazione minima e la transazione massima che possono essere effettuate in BTC. Ricordati di convertire nella tua valuta il valore dell&#8217;importo minimo da poter depositare per comprendere se questo \u00e8 molto elevato o meno. Non ti resta che iniziare a scommettere.&nbsp;<\/p>\n","protected":false},"excerpt":{"rendered":"<p>Quali sono i migliori casin\u00f2 Bitcoin per i giocatori svizzeri? Introduzione Sei svizzero e vorresti scommettere con i Bitcoin su un casin\u00f2? Credi che nessun casin\u00f2 online permetta di scommettere <a href=\"https:\/\/poplus.org\/it\/bitcoin-casino\/\">&#8230;.<\/a><\/p>\n","protected":false},"author":1,"featured_media":0,"parent":0,"menu_order":0,"comment_status":"closed","ping_status":"closed","template":"","meta":{"ub_ctt_via":""},"featured_image_src":null,"yoast_head":"<!-- This site is optimized with the Yoast SEO plugin v18.1 - https:\/\/yoast.com\/wordpress\/plugins\/seo\/ -->\n<title>Bitcoin Casino per i giocatori svizzeri | Guida 2026<\/title>\n<meta name=\"description\" content=\"Se vuoi scoprire quali sono i vantaggi nell&#039;utilizzare i Bitcoin, se ti piacerebbe comprendere dove i giocatori svizzeri possono scommettere, leggi l&#039;articolo dove ti spiegheremo tutto nel dettaglio\" \/>\n<meta name=\"robots\" content=\"index, follow, max-snippet:-1, max-image-preview:large, max-video-preview:-1\" \/>\n<link rel=\"canonical\" href=\"https:\/\/poplus.org\/it\/bitcoin-casino\/\" \/>\n<meta property=\"og:locale\" content=\"it_IT\" \/>\n<meta property=\"og:type\" content=\"article\" \/>\n<meta property=\"og:title\" content=\"Bitcoin Casino per i giocatori svizzeri | Guida 2026\" \/>\n<meta property=\"og:description\" content=\"Se vuoi scoprire quali sono i vantaggi nell&#039;utilizzare i Bitcoin, se ti piacerebbe comprendere dove i giocatori svizzeri possono scommettere, leggi l&#039;articolo dove ti spiegheremo tutto nel dettaglio\" \/>\n<meta property=\"og:url\" content=\"https:\/\/poplus.org\/it\/bitcoin-casino\/\" \/>\n<meta property=\"og:site_name\" content=\"PoPlus: Po&#039;s B\u00e4sta Online Casino Guiden i Sverige\" \/>\n<meta property=\"article:modified_time\" content=\"2022-02-21T21:19:21+00:00\" \/>\n<meta property=\"og:image\" content=\"https:\/\/poplus.org\/wp-content\/uploads\/2021\/09\/7bitcasino.jpg\" \/>\n<meta name=\"twitter:card\" content=\"summary_large_image\" \/>\n<meta name=\"twitter:label1\" content=\"Tempo di lettura stimato\" \/>\n\t<meta name=\"twitter:data1\" content=\"6 minutes\" \/>\n<script type=\"application\/ld+json\" class=\"yoast-schema-graph\">{\"@context\":\"https:\/\/schema.org\",\"@graph\":[{\"@type\":\"WebSite\",\"@id\":\"https:\/\/poplus.org\/#website\",\"url\":\"https:\/\/poplus.org\/\",\"name\":\"PoPlus: Po's B\u00e4sta Online Casino Guiden i Sverige\",\"description\":\"Majoriteten av alla svenska online casinon erbjuder idag n&aring;gon form av free spins som en standard del av sin v&auml;lkomstbonus, men s&aring;v&auml;l m&auml;ngden av free spins som f&ouml;ruts&auml;ttningarna f&ouml;r eventuella uttag p&aring; resulterande vinster varierar kraftigt fr&aring;n casino till casino. Vi har d&auml;rf&ouml;r sammanst&auml;llt denna top lista i f&ouml;rhoppningen om att kunna hj&auml;lpa dig in p&aring; r&auml;tt v&auml;g.\",\"potentialAction\":[{\"@type\":\"SearchAction\",\"target\":{\"@type\":\"EntryPoint\",\"urlTemplate\":\"https:\/\/poplus.org\/?s={search_term_string}\"},\"query-input\":\"required name=search_term_string\"}],\"inLanguage\":\"it-IT\"},{\"@type\":\"ImageObject\",\"@id\":\"https:\/\/poplus.org\/it\/bitcoin-casino\/#primaryimage\",\"inLanguage\":\"it-IT\",\"url\":\"https:\/\/poplus.org\/wp-content\/uploads\/2021\/09\/7bitcasino.jpg\",\"contentUrl\":\"https:\/\/poplus.org\/wp-content\/uploads\/2021\/09\/7bitcasino.jpg\",\"width\":740,\"height\":378},{\"@type\":\"WebPage\",\"@id\":\"https:\/\/poplus.org\/it\/bitcoin-casino\/#webpage\",\"url\":\"https:\/\/poplus.org\/it\/bitcoin-casino\/\",\"name\":\"Bitcoin Casino per i giocatori svizzeri | Guida 2026\",\"isPartOf\":{\"@id\":\"https:\/\/poplus.org\/#website\"},\"primaryImageOfPage\":{\"@id\":\"https:\/\/poplus.org\/it\/bitcoin-casino\/#primaryimage\"},\"datePublished\":\"2021-09-23T18:06:09+00:00\",\"dateModified\":\"2022-02-21T21:19:21+00:00\",\"description\":\"Se vuoi scoprire quali sono i vantaggi nell'utilizzare i Bitcoin, se ti piacerebbe comprendere dove i giocatori svizzeri possono scommettere, leggi l'articolo dove ti spiegheremo tutto nel dettaglio\",\"breadcrumb\":{\"@id\":\"https:\/\/poplus.org\/it\/bitcoin-casino\/#breadcrumb\"},\"inLanguage\":\"it-IT\",\"potentialAction\":[{\"@type\":\"ReadAction\",\"target\":[\"https:\/\/poplus.org\/it\/bitcoin-casino\/\"]}]},{\"@type\":\"BreadcrumbList\",\"@id\":\"https:\/\/poplus.org\/it\/bitcoin-casino\/#breadcrumb\",\"itemListElement\":[{\"@type\":\"ListItem\",\"position\":1,\"name\":\"Home\",\"item\":\"https:\/\/poplus.org\/it\/\"},{\"@type\":\"ListItem\",\"position\":2,\"name\":\"Quali sono i migliori casin\u00f2 Bitcoin per i giocatori svizzeri?\"}]}]}<\/script>\n<!-- \/ Yoast SEO plugin. -->","yoast_head_json":{"title":"Bitcoin Casino per i giocatori svizzeri | Guida 2026","description":"Se vuoi scoprire quali sono i vantaggi nell'utilizzare i Bitcoin, se ti piacerebbe comprendere dove i giocatori svizzeri possono scommettere, leggi l'articolo dove ti spiegheremo tutto nel dettaglio","robots":{"index":"index","follow":"follow","max-snippet":"max-snippet:-1","max-image-preview":"max-image-preview:large","max-video-preview":"max-video-preview:-1"},"canonical":"https:\/\/poplus.org\/it\/bitcoin-casino\/","og_locale":"it_IT","og_type":"article","og_title":"Bitcoin Casino per i giocatori svizzeri | Guida 2026","og_description":"Se vuoi scoprire quali sono i vantaggi nell'utilizzare i Bitcoin, se ti piacerebbe comprendere dove i giocatori svizzeri possono scommettere, leggi l'articolo dove ti spiegheremo tutto nel dettaglio","og_url":"https:\/\/poplus.org\/it\/bitcoin-casino\/","og_site_name":"PoPlus: Po's B\u00e4sta Online Casino Guiden i Sverige","article_modified_time":"2022-02-21T21:19:21+00:00","og_image":[{"url":"https:\/\/poplus.org\/wp-content\/uploads\/2021\/09\/7bitcasino.jpg"}],"twitter_card":"summary_large_image","twitter_misc":{"Tempo di lettura stimato":"6 minutes"},"schema":{"@context":"https:\/\/schema.org","@graph":[{"@type":"WebSite","@id":"https:\/\/poplus.org\/#website","url":"https:\/\/poplus.org\/","name":"PoPlus: Po's B\u00e4sta Online Casino Guiden i Sverige","description":"Majoriteten av alla svenska online casinon erbjuder idag n&aring;gon form av free spins som en standard del av sin v&auml;lkomstbonus, men s&aring;v&auml;l m&auml;ngden av free spins som f&ouml;ruts&auml;ttningarna f&ouml;r eventuella uttag p&aring; resulterande vinster varierar kraftigt fr&aring;n casino till casino. Vi har d&auml;rf&ouml;r sammanst&auml;llt denna top lista i f&ouml;rhoppningen om att kunna hj&auml;lpa dig in p&aring; r&auml;tt v&auml;g.","potentialAction":[{"@type":"SearchAction","target":{"@type":"EntryPoint","urlTemplate":"https:\/\/poplus.org\/?s={search_term_string}"},"query-input":"required name=search_term_string"}],"inLanguage":"it-IT"},{"@type":"ImageObject","@id":"https:\/\/poplus.org\/it\/bitcoin-casino\/#primaryimage","inLanguage":"it-IT","url":"https:\/\/poplus.org\/wp-content\/uploads\/2021\/09\/7bitcasino.jpg","contentUrl":"https:\/\/poplus.org\/wp-content\/uploads\/2021\/09\/7bitcasino.jpg","width":740,"height":378},{"@type":"WebPage","@id":"https:\/\/poplus.org\/it\/bitcoin-casino\/#webpage","url":"https:\/\/poplus.org\/it\/bitcoin-casino\/","name":"Bitcoin Casino per i giocatori svizzeri | Guida 2026","isPartOf":{"@id":"https:\/\/poplus.org\/#website"},"primaryImageOfPage":{"@id":"https:\/\/poplus.org\/it\/bitcoin-casino\/#primaryimage"},"datePublished":"2021-09-23T18:06:09+00:00","dateModified":"2022-02-21T21:19:21+00:00","description":"Se vuoi scoprire quali sono i vantaggi nell'utilizzare i Bitcoin, se ti piacerebbe comprendere dove i giocatori svizzeri possono scommettere, leggi l'articolo dove ti spiegheremo tutto nel dettaglio","breadcrumb":{"@id":"https:\/\/poplus.org\/it\/bitcoin-casino\/#breadcrumb"},"inLanguage":"it-IT","potentialAction":[{"@type":"ReadAction","target":["https:\/\/poplus.org\/it\/bitcoin-casino\/"]}]},{"@type":"BreadcrumbList","@id":"https:\/\/poplus.org\/it\/bitcoin-casino\/#breadcrumb","itemListElement":[{"@type":"ListItem","position":1,"name":"Home","item":"https:\/\/poplus.org\/it\/"},{"@type":"ListItem","position":2,"name":"Quali sono i migliori casin\u00f2 Bitcoin per i giocatori svizzeri?"}]}]}},"_links":{"self":[{"href":"https:\/\/poplus.org\/it\/wp-json\/wp\/v2\/pages\/235"}],"collection":[{"href":"https:\/\/poplus.org\/it\/wp-json\/wp\/v2\/pages"}],"about":[{"href":"https:\/\/poplus.org\/it\/wp-json\/wp\/v2\/types\/page"}],"author":[{"embeddable":true,"href":"https:\/\/poplus.org\/it\/wp-json\/wp\/v2\/users\/1"}],"replies":[{"embeddable":true,"href":"https:\/\/poplus.org\/it\/wp-json\/wp\/v2\/comments?post=235"}],"version-history":[{"count":5,"href":"https:\/\/poplus.org\/it\/wp-json\/wp\/v2\/pages\/235\/revisions"}],"predecessor-version":[{"id":304,"href":"https:\/\/poplus.org\/it\/wp-json\/wp\/v2\/pages\/235\/revisions\/304"}],"wp:attachment":[{"href":"https:\/\/poplus.org\/it\/wp-json\/wp\/v2\/media?parent=235"}],"curies":[{"name":"wp","href":"https:\/\/api.w.org\/{rel}","templated":true}]}}