{"id":185,"date":"2021-07-13T17:03:17","date_gmt":"2021-07-13T17:03:17","guid":{"rendered":"https:\/\/poplus.org\/?page_id=185"},"modified":"2021-07-13T17:03:47","modified_gmt":"2021-07-13T17:03:47","slug":"bitcoin-casino","status":"publish","type":"page","link":"https:\/\/poplus.org\/da\/bitcoin-casino\/","title":{"rendered":"Bitcoin casino sider i Danmark: er BTC casinoer lovlige for Danske spillere?"},"content":{"rendered":"\n<h1 id=\"0-bitcoin-casino-sider-i-danmark-er-btc-casinoer-lovlige-for-danske-spillere\">Bitcoin casino sider i Danmark: er BTC casinoer lovlige for Danske spillere?<\/h1>\n\n\n\n<p>Over hele verden er kryptovaluta blevet mere og mere relevant, og man kan i dag betale for sine indk\u00f8b med Bitcoin, man kan betale p\u00e5 webshops med bitcoin og man kan selvf\u00f8lgelig ogs\u00e5 spille p\u00e5 Bitcoin casino sider med BTC. <\/p>\n\n\n\n<!--more-->\n\n\n\n<p>Bitcoins popularitet er mildest talt steget til uanede h\u00f8jder over hele verden, og Danmark er ikke nogen undtagelse. Den er blevet mere og mere almindelig efter den eksploderede i v\u00e6rdi for nogle \u00e5r tilbage.&nbsp; I dag er den ikke bare en valuta, som man har, fordi den m\u00e5ske stiger i v\u00e6rdi. I dag har man den, fordi man rent faktisk kan bruge den. <\/p>\n\n\n\n<p>\u00c8t af stederne, som du kan bruge Bitcoin er casinoer. <\/p>\n\n\n<div class=\"ub_table-of-contents\" data-showtext=\"show\" data-hidetext=\"hide\" data-scrolltype=\"auto\" id=\"ub_table-of-contents-eb7e5ddf-1310-450a-b77c-3af8ac1c7e88\" data-initiallyhideonmobile=\"false\"\n                    data-initiallyshow=\"true\"><div class=\"ub_table-of-contents-header-container\"><div class=\"ub_table-of-contents-header\">\n                    <div class=\"ub_table-of-contents-title\">Indholdsfortegnelse<\/div><\/div><\/div><div class=\"ub_table-of-contents-extra-container\"><div class=\"ub_table-of-contents-container ub_table-of-contents-1-column \"><ul><li><a href=https:\/\/poplus.org\/da\/bitcoin-casino\/#0-bitcoin-casino-sider-i-danmark-er-btc-casinoer-lovlige-for-danske-spillere>Bitcoin casino sider i Danmark: er BTC casinoer lovlige for Danske spillere?<\/a><ul><li><a href=https:\/\/poplus.org\/da\/bitcoin-casino\/#1-er-det-lovligt-at-spille-p%C3%A5-bitcoin-casino-for-danske-spillere->Er det lovligt at spille p\u00e5 Bitcoin casino for danske spillere?<\/a><\/li><li><a href=https:\/\/poplus.org\/da\/bitcoin-casino\/#2-hvordan-spiller-man-med-bitcoin-p%C3%A5-et-casino>Hvordan spiller man med Bitcoin p\u00e5 et casino?<\/a><\/li><li><a href=https:\/\/poplus.org\/da\/bitcoin-casino\/#3-hvilke-alternativer-er-der-til-bitcoin-casinoer>Hvilke alternativer er der til Bitcoin casinoer?<\/a><\/li><li><a href=https:\/\/poplus.org\/da\/bitcoin-casino\/#4-er-der-velkomstbonus-p%C3%A5-bitcoin-casinoer>Er der velkomstbonus p\u00e5 Bitcoin casinoer?<\/a><\/li><\/ul><\/li><\/ul><\/div><\/div><\/div>\n\n\n<h2 id=\"1-er-det-lovligt-at-spille-p%C3%A5-bitcoin-casino-for-danske-spillere-\"><strong>Er det lovligt at spille p\u00e5 Bitcoin casino for danske spillere?<\/strong><strong><\/strong><\/h2>\n\n\n\n<p>Bitcoin er noget relativt nyt, s\u00e5 derfor er det ikke nogen lovgivning p\u00e5 omr\u00e5det. Det er derfor ikke s\u00e5 meget det juridiske, som laver bensp\u00e6nd for om du kan betale med Bitcoin, men mere den tekniske del. Der er ikke mange casinoer, som udbyder det, men finder du et, s\u00e5 er det helt lovligt at spille med din virtuelle valuta. <\/p>\n\n\n\n<p>Det eneste du skal have i baghovedet er, at politi og banker kan hj\u00e6lpe dig, hvis du bliver snydt for dine kroner og \u00f8re. Men, der er ingen instans som kan hj\u00e6lpe dig med at forf\u00f8lge casinoer, hvis du bliver snydt efter at have spillet med Bitcoin. S\u00e5 nyt er betalingsmidlet, at der ikke er nogle fastsatte procedure for det endnu. Det betyder dog ikke, at casinoer frit kan snyde med bitcoins. Der regler; de er bare kringlede at finde ud af og der er mange ender, som skal m\u00f8des, f\u00f8r man har en klokkeklar sag. <\/p>\n\n\n\n<p>Det er bagsiden af m\u00f8nten. Man har mulighed for at v\u00e6re helt anonym, n\u00e5r du spiller med Bitcons. Det g\u00e6lder b\u00e5de for modtager og afsender, s\u00e5 derfor er den umulig og spore. Det betyder ogs\u00e5, at det ikke er s\u00e5 udbredt p\u00e5 <a href=\"https:\/\/poplus.org\/da\/\">danske casinoer<\/a> fordi man herhjemme skal logge ind p\u00e5 sin konto med NemID og derved tilkendegiver sin identitet.<\/p>\n\n\n\n<h2 id=\"2-hvordan-spiller-man-med-bitcoin-p%C3%A5-et-casino\">Hvordan spiller man med Bitcoin p\u00e5 et casino?<\/h2>\n\n\n\n<p>I og med, at der ikke findes danske casinoer, som tager i mod Bitcoins, s\u00e5 kan man heller ikke spille p\u00e5 casinoer med dansk licens. Derfor er man tvunget over p\u00e5 casinoer med fx en licens fra Malta eller eksotiske steder, som ligger langt v\u00e6k fra de danske gr\u00e6nser.<\/p>\n\n\n\n<p>Man skal derfor v\u00e6re forsigtig, n\u00e5r man gambler med sine Bitcoins. I stedet for at v\u00e6lge det f\u00f8rste og bedste Bitcoin casino p\u00e5 Google, s\u00e5 skal man s\u00f8rge for at l\u00e6se anmeldelser fra fora, hvor man taler om netop dette.<\/p>\n\n\n\n<p>Husk p\u00e5, at casinoet selv kan skrive anmeldelser om dem selv \u2013 selvom det er ulovligt. S\u00f8rg for at have de skeptiske briller p\u00e5, n\u00e5r du l\u00e6ser om, hvor gode vinderchancerne er, hvor god kundeservicen er og, hvor hurtigt man f\u00e5r pengene udbetalt.<\/p>\n\n\n\n<h2 id=\"3-hvilke-alternativer-er-der-til-bitcoin-casinoer\">Hvilke alternativer er der til Bitcoin casinoer?<\/h2>\n\n\n\n<p>Vil du gerne undg\u00e5 casinoer, hvor du skal betale med dit dankort og logge ind med NemID? S\u00e5 findes der udenlandske casinoer med fx licens fra Malta eller Panama. Her skal casinoerne leve op til de regler, som landet har fastsat. Reglerne inden for fairness, kundeservice, sikkerhed og udbetaling er sj\u00e6ldent lige s\u00e5 solide, som dem vi har i Danmark, men det er bedre end ingen licens.<\/p>\n\n\n\n<p>Du kan p\u00e5 mange licenser bruge de s\u00e5kaldte e-wallets, s\u00e5 som PayPal, hvor du s\u00e6tter penge ind p\u00e5 en virtuel konto, som du bagefter kan bruge til at betale for dine indsatser. PayPal er ikke farligt og mange danske webshops tillader ogs\u00e5, at du betaler med PayPal. Flere danske casinoer, fx Dansk777, tager imod PayPal p\u00e5 lige fod med andre betalingsmetoder.<\/p>\n\n\n\n<h2 id=\"4-er-der-velkomstbonus-p%C3%A5-bitcoin-casinoer\">Er der velkomstbonus p\u00e5 Bitcoin casinoer?<\/h2>\n\n\n\n<p>Ja, det er der. P\u00e5 lige fod med almindelige indbetalinger, s\u00e5 kan du f\u00e5 gratis spins og velkomstbonus, som varierer efter din indbetaling. Du skal huske at l\u00e6se det med sm\u00e5t n\u00e5r du bruger en velkomstpakke, fordi der er ofte et meget h\u00f8jt krav om gennemspilning. <\/p>\n\n\n\n<p>Det betyder, at hvis du s\u00e6tter 200 kroner ind p\u00e5 din konto, hvorefter casinoet matcher dine 200 kroner med yderligere 200 kroner, og med et gennemspilningskrav p\u00e5 30, s\u00e5 skal du i alt satse for 6.000 kroner f\u00f8r du kan f\u00e5 eventuelle gevinster udbetalt.<\/p>\n\n\n\n<p>Det er en m\u00e5de for casinoet at holde p\u00e5 nye spillere over l\u00e6ngere tid. Casinoet vinder helt naturligt i langt de fleste spil, mens spilleren jagter jackpotten, som skal udligne \u00f8konomien. Denne velkomstbonus f\u00e5r du selvf\u00f8lgelig ogs\u00e5, hvis du v\u00e6lger et casino, som tager imod Bitcoin.<\/p>\n","protected":false},"excerpt":{"rendered":"<p>Bitcoin casino sider i Danmark: er BTC casinoer lovlige for Danske spillere? Over hele verden er kryptovaluta blevet mere og mere relevant, og man kan i dag betale for sine <a href=\"https:\/\/poplus.org\/da\/bitcoin-casino\/\">&#8230;.<\/a><\/p>\n","protected":false},"author":1,"featured_media":0,"parent":0,"menu_order":0,"comment_status":"closed","ping_status":"closed","template":"","meta":{"ub_ctt_via":""},"featured_image_src":null,"yoast_head":"<!-- This site is optimized with the Yoast SEO plugin v18.1 - https:\/\/yoast.com\/wordpress\/plugins\/seo\/ -->\n<title>Bitcoin Casino Guide: Er Bitcoin Casinoer Lovlige For Danske Spillere?<\/title>\n<meta name=\"description\" content=\"Over hele verden er kryptovaluta blevet mere og mere relevant, og man kan i dag betale for sine indk\u00f8b med Bitcoin, man kan betale p\u00e5 webshops med bitcoin og man kan selvf\u00f8lgelig ogs\u00e5 spille p\u00e5 Bitcoin casino sider med BTC.\" \/>\n<meta name=\"robots\" content=\"index, follow, max-snippet:-1, max-image-preview:large, max-video-preview:-1\" \/>\n<link rel=\"canonical\" href=\"https:\/\/poplus.org\/da\/bitcoin-casino\/\" \/>\n<meta property=\"og:locale\" content=\"da_DK\" \/>\n<meta property=\"og:type\" content=\"article\" \/>\n<meta property=\"og:title\" content=\"Bitcoin Casino Guide: Er Bitcoin Casinoer Lovlige For Danske Spillere?\" \/>\n<meta property=\"og:description\" content=\"Over hele verden er kryptovaluta blevet mere og mere relevant, og man kan i dag betale for sine indk\u00f8b med Bitcoin, man kan betale p\u00e5 webshops med bitcoin og man kan selvf\u00f8lgelig ogs\u00e5 spille p\u00e5 Bitcoin casino sider med BTC.\" \/>\n<meta property=\"og:url\" content=\"https:\/\/poplus.org\/da\/bitcoin-casino\/\" \/>\n<meta property=\"og:site_name\" content=\"PoPlus: Po&#039;s B\u00e4sta Online Casino Guiden i Sverige\" \/>\n<meta property=\"article:modified_time\" content=\"2021-07-13T17:03:47+00:00\" \/>\n<meta name=\"twitter:card\" content=\"summary_large_image\" \/>\n<meta name=\"twitter:label1\" content=\"Estimeret l\u00e6setid\" \/>\n\t<meta name=\"twitter:data1\" content=\"4 minutter\" \/>\n<script type=\"application\/ld+json\" class=\"yoast-schema-graph\">{\"@context\":\"https:\/\/schema.org\",\"@graph\":[{\"@type\":\"WebSite\",\"@id\":\"https:\/\/poplus.org\/#website\",\"url\":\"https:\/\/poplus.org\/\",\"name\":\"PoPlus: Po's B\u00e4sta Online Casino Guiden i Sverige\",\"description\":\"Majoriteten av alla svenska online casinon erbjuder idag n&aring;gon form av free spins som en standard del av sin v&auml;lkomstbonus, men s&aring;v&auml;l m&auml;ngden av free spins som f&ouml;ruts&auml;ttningarna f&ouml;r eventuella uttag p&aring; resulterande vinster varierar kraftigt fr&aring;n casino till casino. Vi har d&auml;rf&ouml;r sammanst&auml;llt denna top lista i f&ouml;rhoppningen om att kunna hj&auml;lpa dig in p&aring; r&auml;tt v&auml;g.\",\"potentialAction\":[{\"@type\":\"SearchAction\",\"target\":{\"@type\":\"EntryPoint\",\"urlTemplate\":\"https:\/\/poplus.org\/?s={search_term_string}\"},\"query-input\":\"required name=search_term_string\"}],\"inLanguage\":\"da-DK\"},{\"@type\":\"WebPage\",\"@id\":\"https:\/\/poplus.org\/da\/bitcoin-casino\/#webpage\",\"url\":\"https:\/\/poplus.org\/da\/bitcoin-casino\/\",\"name\":\"Bitcoin Casino Guide: Er Bitcoin Casinoer Lovlige For Danske Spillere?\",\"isPartOf\":{\"@id\":\"https:\/\/poplus.org\/#website\"},\"datePublished\":\"2021-07-13T17:03:17+00:00\",\"dateModified\":\"2021-07-13T17:03:47+00:00\",\"description\":\"Over hele verden er kryptovaluta blevet mere og mere relevant, og man kan i dag betale for sine indk\u00f8b med Bitcoin, man kan betale p\u00e5 webshops med bitcoin og man kan selvf\u00f8lgelig ogs\u00e5 spille p\u00e5 Bitcoin casino sider med BTC.\",\"breadcrumb\":{\"@id\":\"https:\/\/poplus.org\/da\/bitcoin-casino\/#breadcrumb\"},\"inLanguage\":\"da-DK\",\"potentialAction\":[{\"@type\":\"ReadAction\",\"target\":[\"https:\/\/poplus.org\/da\/bitcoin-casino\/\"]}]},{\"@type\":\"BreadcrumbList\",\"@id\":\"https:\/\/poplus.org\/da\/bitcoin-casino\/#breadcrumb\",\"itemListElement\":[{\"@type\":\"ListItem\",\"position\":1,\"name\":\"Home\",\"item\":\"https:\/\/poplus.org\/da\/\"},{\"@type\":\"ListItem\",\"position\":2,\"name\":\"Bitcoin casino sider i Danmark: er BTC casinoer lovlige for Danske spillere?\"}]}]}<\/script>\n<!-- \/ Yoast SEO plugin. -->","yoast_head_json":{"title":"Bitcoin Casino Guide: Er Bitcoin Casinoer Lovlige For Danske Spillere?","description":"Over hele verden er kryptovaluta blevet mere og mere relevant, og man kan i dag betale for sine indk\u00f8b med Bitcoin, man kan betale p\u00e5 webshops med bitcoin og man kan selvf\u00f8lgelig ogs\u00e5 spille p\u00e5 Bitcoin casino sider med BTC.","robots":{"index":"index","follow":"follow","max-snippet":"max-snippet:-1","max-image-preview":"max-image-preview:large","max-video-preview":"max-video-preview:-1"},"canonical":"https:\/\/poplus.org\/da\/bitcoin-casino\/","og_locale":"da_DK","og_type":"article","og_title":"Bitcoin Casino Guide: Er Bitcoin Casinoer Lovlige For Danske Spillere?","og_description":"Over hele verden er kryptovaluta blevet mere og mere relevant, og man kan i dag betale for sine indk\u00f8b med Bitcoin, man kan betale p\u00e5 webshops med bitcoin og man kan selvf\u00f8lgelig ogs\u00e5 spille p\u00e5 Bitcoin casino sider med BTC.","og_url":"https:\/\/poplus.org\/da\/bitcoin-casino\/","og_site_name":"PoPlus: Po's B\u00e4sta Online Casino Guiden i Sverige","article_modified_time":"2021-07-13T17:03:47+00:00","twitter_card":"summary_large_image","twitter_misc":{"Estimeret l\u00e6setid":"4 minutter"},"schema":{"@context":"https:\/\/schema.org","@graph":[{"@type":"WebSite","@id":"https:\/\/poplus.org\/#website","url":"https:\/\/poplus.org\/","name":"PoPlus: Po's B\u00e4sta Online Casino Guiden i Sverige","description":"Majoriteten av alla svenska online casinon erbjuder idag n&aring;gon form av free spins som en standard del av sin v&auml;lkomstbonus, men s&aring;v&auml;l m&auml;ngden av free spins som f&ouml;ruts&auml;ttningarna f&ouml;r eventuella uttag p&aring; resulterande vinster varierar kraftigt fr&aring;n casino till casino. Vi har d&auml;rf&ouml;r sammanst&auml;llt denna top lista i f&ouml;rhoppningen om att kunna hj&auml;lpa dig in p&aring; r&auml;tt v&auml;g.","potentialAction":[{"@type":"SearchAction","target":{"@type":"EntryPoint","urlTemplate":"https:\/\/poplus.org\/?s={search_term_string}"},"query-input":"required name=search_term_string"}],"inLanguage":"da-DK"},{"@type":"WebPage","@id":"https:\/\/poplus.org\/da\/bitcoin-casino\/#webpage","url":"https:\/\/poplus.org\/da\/bitcoin-casino\/","name":"Bitcoin Casino Guide: Er Bitcoin Casinoer Lovlige For Danske Spillere?","isPartOf":{"@id":"https:\/\/poplus.org\/#website"},"datePublished":"2021-07-13T17:03:17+00:00","dateModified":"2021-07-13T17:03:47+00:00","description":"Over hele verden er kryptovaluta blevet mere og mere relevant, og man kan i dag betale for sine indk\u00f8b med Bitcoin, man kan betale p\u00e5 webshops med bitcoin og man kan selvf\u00f8lgelig ogs\u00e5 spille p\u00e5 Bitcoin casino sider med BTC.","breadcrumb":{"@id":"https:\/\/poplus.org\/da\/bitcoin-casino\/#breadcrumb"},"inLanguage":"da-DK","potentialAction":[{"@type":"ReadAction","target":["https:\/\/poplus.org\/da\/bitcoin-casino\/"]}]},{"@type":"BreadcrumbList","@id":"https:\/\/poplus.org\/da\/bitcoin-casino\/#breadcrumb","itemListElement":[{"@type":"ListItem","position":1,"name":"Home","item":"https:\/\/poplus.org\/da\/"},{"@type":"ListItem","position":2,"name":"Bitcoin casino sider i Danmark: er BTC casinoer lovlige for Danske spillere?"}]}]}},"_links":{"self":[{"href":"https:\/\/poplus.org\/da\/wp-json\/wp\/v2\/pages\/185"}],"collection":[{"href":"https:\/\/poplus.org\/da\/wp-json\/wp\/v2\/pages"}],"about":[{"href":"https:\/\/poplus.org\/da\/wp-json\/wp\/v2\/types\/page"}],"author":[{"embeddable":true,"href":"https:\/\/poplus.org\/da\/wp-json\/wp\/v2\/users\/1"}],"replies":[{"embeddable":true,"href":"https:\/\/poplus.org\/da\/wp-json\/wp\/v2\/comments?post=185"}],"version-history":[{"count":2,"href":"https:\/\/poplus.org\/da\/wp-json\/wp\/v2\/pages\/185\/revisions"}],"predecessor-version":[{"id":187,"href":"https:\/\/poplus.org\/da\/wp-json\/wp\/v2\/pages\/185\/revisions\/187"}],"wp:attachment":[{"href":"https:\/\/poplus.org\/da\/wp-json\/wp\/v2\/media?parent=185"}],"curies":[{"name":"wp","href":"https:\/\/api.w.org\/{rel}","templated":true}]}}