{"id":166,"date":"2021-07-13T15:59:22","date_gmt":"2021-07-13T15:59:22","guid":{"rendered":"https:\/\/poplus.org\/?page_id=166"},"modified":"2023-07-12T10:41:33","modified_gmt":"2023-07-12T10:41:33","slug":"casinoer-uden-dansk-licens","status":"publish","type":"page","link":"https:\/\/poplus.org\/da\/","title":{"rendered":"Danske licens-casinoer vs casinoer uden dansk licens"},"content":{"rendered":"\n<h1 id=\"0-danske-licens-casinoer-vs-casinoer-uden-dansk-licens\">Danske licens-casinoer vs casinoer uden dansk licens<\/h1>\n\n\n\n<p>M\u00e5ske har du n\u00e5et en m\u00e6thedsgr\u00e6nse hvad ang\u00e5r spil p\u00e5 danske licens-casinoer. M\u00e5ske har du fortrudt at du har at udelukket dig fra casino spil via ROFUS, eller m\u00e5ske g\u00e5r du bare med tanker om at pr\u00f8ve et nyt casino-eventyr af udenfor den danske licens-zone. <\/p>\n\n\n\n<!--more-->\n\n\n<div class=\"ub_table-of-contents\" data-showtext=\"show\" data-hidetext=\"hide\" data-scrolltype=\"auto\" id=\"ub_table-of-contents-15983174-c3b9-43fc-98b2-9547bb8e0183\" data-initiallyhideonmobile=\"false\"\n                    data-initiallyshow=\"true\"><div class=\"ub_table-of-contents-header-container\"><div class=\"ub_table-of-contents-header\">\n                    <div class=\"ub_table-of-contents-title\">Inhoudsopgave<\/div><\/div><\/div><div class=\"ub_table-of-contents-extra-container\"><div class=\"ub_table-of-contents-container ub_table-of-contents-1-column \"><ul><li><a href=https:\/\/poplus.org\/da\/#0-danske-licens-casinoer-vs-casinoer-uden-dansk-licens>Danske licens-casinoer vs casinoer uden dansk licens<\/a><ul><li><a href=https:\/\/poplus.org\/da\/#1-sikkerheden>Sikkerheden<\/a><\/li><li><a href=https:\/\/poplus.org\/da\/#2-bonusserne>Bonusserne<\/a><\/li><li><a href=https:\/\/poplus.org\/da\/#3-spillene>Spillene<\/a><\/li><li><a href=https:\/\/poplus.org\/da\/#4-betalingsmetoderne>Betalingsmetoderne<\/a><\/li><li><a href=https:\/\/poplus.org\/da\/#5-kundesupport>Kundesupport<\/a><\/li><li><a href=https:\/\/poplus.org\/da\/#6-faq>FAQ<\/a><\/li><\/ul><\/li><\/ul><\/div><\/div><\/div>\n\n\n<p>I den forbindelse kan man have visse spekulationer vedr\u00f8rende alt lige fra spil, til sikkerhed, over betalingsmetoder og kundesupport. M\u00e5ske g\u00e5r man og vejer det hele op imod hinadnen, og m\u00e5ske mangler man et reelt sammenligningsgrundlag til at tr\u00e6ffe sit casino-valg p\u00e5. <\/p>\n\n\n\n<p>Men det g\u00f8r vi op med her. I denne lille artikel f\u00e5r du en gennemgang af fordele og ulemper ved at v\u00e6lge enten et dansk licens-casino eller et casino uden dansk icens.<\/p>\n\n\n\n<p><a href=\"https:\/\/udenlandskecasino.com\">Find det bedste udenlandske casino uden dansk licens her<\/a>. <\/p>\n\n\n\n<h2 id=\"1-sikkerheden\">Sikkerheden<\/h2>\n\n\n\n<p>Sikkerhed st\u00e5r h\u00f8jt p\u00e5 visse danske casino-spilleres prioriteringsliste. Men er danske casinoer sikrere end udenlandske casinoer? Eftersom danske casinoer er indrullet i hele NemID-systemet, s\u00e5 er der ingen tvivl om at danske casinoer er klart mere sikre end alle andre casinoer i verden. <\/p>\n\n\n\n<p>Men det betyder IKKE at online casinoer uden dansk spillelicens ikke er sikre. Der er snarere tale om at danske licens-casinoer er ekstra-sikre, hvor udenlandske casinoer kan betragtes som v\u00e6rende almindeligt sikre. <\/p>\n\n\n\n<p>Men overordnet set vil et dansk licens-casino dog v\u00e6re en fordel hvis man virkelig g\u00e5r op i absolut topsikkerhed som spiller.<\/p>\n\n\n\n<h2 id=\"2-bonusserne\">Bonusserne<\/h2>\n\n\n\n<p>P\u00e5 bonus-fronten kan casinoer med dansk licens ikke f\u00f8lge med. I hvert fald ikke hvad ang\u00e5r volume. Den danske stat har ved lov sl\u00e5et fast at ingen dansk bonus m\u00e5 overskride 1000 kroner, s\u00e5 du vil til enhver tid kunne hive en klart st\u00f8rre bonus hjem p\u00e5 udenlandske casinoer. Bonusserne p\u00e5 casinoer uden licens i Danmark er ofte 4-5 gange st\u00f8rre end p\u00e5 danske licens-casinoer.<\/p>\n\n\n\n<p>Find dit <a href=\"https:\/\/spiludenomrofus.online\">nye casino uden ROFUS<\/a>.<\/p>\n\n\n\n<h2 id=\"3-spillene\">Spillene<\/h2>\n\n\n\n<p>Spillene deler vandene lidt i sammenligningen mellem danske og ikke-dansklicenserede casinoer. For der kan v\u00e6re tale om samme m\u00e6ngde og samme type af spil (online spillemaskiner, bordspil og live casino), men der er oftest forskel p\u00e5 spiludviklerne. <\/p>\n\n\n\n<p>P\u00e5 casinoer med dansk licens er der ofte tale om spil fra eksempelvis de nordiske spiludbydere som NetEnt og Play\u2019n GO, mens casinoer uden dansk spillelicens oftere har andre spiludviklere s\u00e5som PlayTech, Amatic, Fugaso og Habanero for blot at n\u00e6vne nogle. <\/p>\n\n\n\n<p>Der er derfor vidt forskellige produktioner og designs af spil. Og valget mellem et dansk licens-casino eller et casino uden dansk licens er her mest af alt et sp\u00f8rgsm\u00e5l om smag.<\/p>\n\n\n\n<h2 id=\"4-betalingsmetoderne\">Betalingsmetoderne<\/h2>\n\n\n\n<p>Der kan n\u00e6ppe herske tvivl om et online casino uden dansk licens til enhver tid vinder kapl\u00f8bet om de bedste, hurtigste og fleste betalingsmetoder. Udbuddet af ind- og udbetalinger p\u00e5 casinosider uden licens i Danmark er ofte 4-5 gange st\u00f8rre end p\u00e5 casinoer med dansk licens. <\/p>\n\n\n\n<p>Hvor du p\u00e5 et dansk licens-casino ofte kun f\u00e5r de f\u00e5 klassiske ewallet tjenester samt kreditkort, s\u00e5 f\u00e5r du p\u00e5 udenlandske casinoer uden dansk spillelicens op til flere forskellige ewallet-tjenester og online banking-tjenester. Du f\u00e5r endda ogs\u00e5 muligheden for at betale med kryptovaluta som <a href=\"https:\/\/poplus.org\/da\/bitcoin-casino\/\">Bitcoin<\/a>, Dogecoin, Ripple og Ethereum mm.<\/p>\n\n\n\n<h2 id=\"5-kundesupport\">Kundesupport<\/h2>\n\n\n\n<p>Kundesupport-sp\u00f8rgsm\u00e5let kan godt v\u00e6re lidt tricky. For p\u00e5 den ene side virker kundesupporten p\u00e5 udenlandske casinoer uden dansk licens bedre i og med at de ofte har 24 timers live chat service. <\/p>\n\n\n\n<p>Det kan n\u00e6sten ingen danske licens-casinoer prale med. Men omvendt kan danske licens-casinoer s\u00e5 bryste sig af at have dansktalende kundeservice-medarbejdere. <\/p>\n\n\n\n<p>Det vil du ikke st\u00f8de p\u00e5 p\u00e5 casino, bookmakere &amp; spillesider uden dansk licens. Her er man tvunget ud i engelsk, hvis man skal have hj\u00e6lp til et sp\u00f8rgsm\u00e5l eller problem.<\/p>\n\n\n\n<h2 id=\"6-faq\">FAQ<\/h2>\n\n\n<div class=\"wp-block-ub-content-toggle\" id=\"ub-content-toggle-ec5404a9-44b4-4bee-9b4a-e17aae2f8c3c\"data-mobilecollapse=\"false\" data-desktopcollapse=\"false\">\n<div id=\"\" class=\"wp-block-ub-content-toggle-accordion\"\">\n                <div class=\"wp-block-ub-content-toggle-accordion-title-wrap\" aria-expanded=\"true\" aria-controls=\"ub-content-toggle-panel-0-ec5404a9-44b4-4bee-9b4a-e17aae2f8c3c\" tabindex=\"0\">\n                    <h3 class=\"wp-block-ub-content-toggle-accordion-title ub-content-toggle-title-ec5404a9-44b4-4bee-9b4a-e17aae2f8c3c\">Er der nogen online casinoer, der accepterer cryptocurrency?<\/h3><div class=\"wp-block-ub-content-toggle-accordion-toggle-wrap right\"><span class=\"wp-block-ub-content-toggle-accordion-state-indicator wp-block-ub-chevron-down open\"><\/span>\n                    <\/div><\/div><div role=\"region\" class=\"wp-block-ub-content-toggle-accordion-content-wrap\" id=\"ub-content-toggle-panel-0-ec5404a9-44b4-4bee-9b4a-e17aae2f8c3c\">\n\n<p>Ja, flere online casinoer accepterer nu kryptovalutaer som Bitcoin, Ethereum og andre. Disse casinoer tilbyder et kryptovenligt milj\u00f8, der giver dig mulighed for at foretage indskud, spille spil og h\u00e6ve gevinster ved hj\u00e6lp af kryptovalutaer. Det er dog vigtigt at unders\u00f8ge og udv\u00e6lge velrenommerede kryptokasinoer med en god track record.<\/p>\n\n<\/div><\/div>\n\n<div id=\"\" class=\"wp-block-ub-content-toggle-accordion\"\">\n                <div class=\"wp-block-ub-content-toggle-accordion-title-wrap\" aria-expanded=\"true\" aria-controls=\"ub-content-toggle-panel-1-ec5404a9-44b4-4bee-9b4a-e17aae2f8c3c\" tabindex=\"0\">\n                    <h3 class=\"wp-block-ub-content-toggle-accordion-title ub-content-toggle-title-ec5404a9-44b4-4bee-9b4a-e17aae2f8c3c\">Er online casinoer kun for erfarne spillere, eller kan begyndere ogs\u00e5 spille?<\/h3><div class=\"wp-block-ub-content-toggle-accordion-toggle-wrap right\"><span class=\"wp-block-ub-content-toggle-accordion-state-indicator wp-block-ub-chevron-down open\"><\/span>\n                    <\/div><\/div><div role=\"region\" class=\"wp-block-ub-content-toggle-accordion-content-wrap\" id=\"ub-content-toggle-panel-1-ec5404a9-44b4-4bee-9b4a-e17aae2f8c3c\">\n\n<p>Online casinoer henvender sig til alle typer spillere, inklusive begyndere. Mange platforme tilbyder en bred vifte af spil, der passer til spillere p\u00e5 alle niveauer. Derudover giver de fleste online casinoer detaljerede regler og instruktioner for hvert spil, hvilket g\u00f8r det lettere for nytilkomne at l\u00e6re og nyde deres spiloplevelse.<\/p>\n\n<\/div><\/div>\n\n<div id=\"\" class=\"wp-block-ub-content-toggle-accordion\"\">\n                <div class=\"wp-block-ub-content-toggle-accordion-title-wrap\" aria-expanded=\"true\" aria-controls=\"ub-content-toggle-panel-2-ec5404a9-44b4-4bee-9b4a-e17aae2f8c3c\" tabindex=\"0\">\n                    <h3 class=\"wp-block-ub-content-toggle-accordion-title ub-content-toggle-title-ec5404a9-44b4-4bee-9b4a-e17aae2f8c3c\">Hvordan kan jeg sikre sikkerheden af mine personlige og \u00f8konomiske oplysninger p\u00e5 online casinoer?<\/h3><div class=\"wp-block-ub-content-toggle-accordion-toggle-wrap right\"><span class=\"wp-block-ub-content-toggle-accordion-state-indicator wp-block-ub-chevron-down open\"><\/span>\n                    <\/div><\/div><div role=\"region\" class=\"wp-block-ub-content-toggle-accordion-content-wrap\" id=\"ub-content-toggle-panel-2-ec5404a9-44b4-4bee-9b4a-e17aae2f8c3c\">\n\n<p>Velrenommerede online casinoer prioriterer sikkerheden af deres spilleres oplysninger. Se efter platforme, der bruger SSL-kryptering til at beskytte dine data under transmission. Derudover skal du kontrollere, om kasinoet har en privatlivspolitik p\u00e5 plads. Det anbefales ogs\u00e5 at v\u00e6lge st\u00e6rke adgangskoder, undg\u00e5 at dele personlige oplysninger i chatrum og bruge sikre internetforbindelser, n\u00e5r du f\u00e5r adgang til onlinekasinoer.<\/p>\n\n<\/div><\/div>\n\n<div id=\"\" class=\"wp-block-ub-content-toggle-accordion\"\">\n                <div class=\"wp-block-ub-content-toggle-accordion-title-wrap\" aria-expanded=\"true\" aria-controls=\"ub-content-toggle-panel-3-ec5404a9-44b4-4bee-9b4a-e17aae2f8c3c\" tabindex=\"0\">\n                    <h3 class=\"wp-block-ub-content-toggle-accordion-title ub-content-toggle-title-ec5404a9-44b4-4bee-9b4a-e17aae2f8c3c\">Kan jeg spille online casinospil p\u00e5 min mobile enhed?<\/h3><div class=\"wp-block-ub-content-toggle-accordion-toggle-wrap right\"><span class=\"wp-block-ub-content-toggle-accordion-state-indicator wp-block-ub-chevron-down open\"><\/span>\n                    <\/div><\/div><div role=\"region\" class=\"wp-block-ub-content-toggle-accordion-content-wrap\" id=\"ub-content-toggle-panel-3-ec5404a9-44b4-4bee-9b4a-e17aae2f8c3c\">\n\n<p>Ja, mange online casinoer tilbyder mobilvenlige platforme eller dedikerede mobilapps, der giver dig mulighed for at spille casinospil p\u00e5 din smartphone eller tablet. Disse mobilversioner giver en bekvem og tilg\u00e6ngelig m\u00e5de at nyde dine yndlingsspil p\u00e5, mens du er p\u00e5 farten.<\/p>\n\n<\/div><\/div>\n\n<div id=\"\" class=\"wp-block-ub-content-toggle-accordion\"\">\n                <div class=\"wp-block-ub-content-toggle-accordion-title-wrap\" aria-expanded=\"true\" aria-controls=\"ub-content-toggle-panel-4-ec5404a9-44b4-4bee-9b4a-e17aae2f8c3c\" tabindex=\"0\">\n                    <h3 class=\"wp-block-ub-content-toggle-accordion-title ub-content-toggle-title-ec5404a9-44b4-4bee-9b4a-e17aae2f8c3c\">Er online casinoer vanedannende?<\/h3><div class=\"wp-block-ub-content-toggle-accordion-toggle-wrap right\"><span class=\"wp-block-ub-content-toggle-accordion-state-indicator wp-block-ub-chevron-down open\"><\/span>\n                    <\/div><\/div><div role=\"region\" class=\"wp-block-ub-content-toggle-accordion-content-wrap\" id=\"ub-content-toggle-panel-4-ec5404a9-44b4-4bee-9b4a-e17aae2f8c3c\">\n\n<p>Onlinekasinoer kan ligesom enhver form for gambling v\u00e6re vanedannende for nogle individer. Det er vigtigt at spille ansvarligt og s\u00e6tte gr\u00e6nser for din tid og dine penge. Velrenommerede onlinekasinoer tilbyder ofte ansvarlige gamblingv\u00e6rkt\u00f8jer s\u00e5som indskudsgr\u00e6nser, muligheder for selvudelukkelse og links til hasardspilshj\u00e6lpelinjer.<\/p>\n\n<\/div><\/div>\n\n<div id=\"\" class=\"wp-block-ub-content-toggle-accordion\"\">\n                <div class=\"wp-block-ub-content-toggle-accordion-title-wrap\" aria-expanded=\"true\" aria-controls=\"ub-content-toggle-panel-5-ec5404a9-44b4-4bee-9b4a-e17aae2f8c3c\" tabindex=\"0\">\n                    <h3 class=\"wp-block-ub-content-toggle-accordion-title ub-content-toggle-title-ec5404a9-44b4-4bee-9b4a-e17aae2f8c3c\">Er der nogle strategier eller tips til at \u00f8ge mine chancer for at vinde p\u00e5 online casinoer?<\/h3><div class=\"wp-block-ub-content-toggle-accordion-toggle-wrap right\"><span class=\"wp-block-ub-content-toggle-accordion-state-indicator wp-block-ub-chevron-down open\"><\/span>\n                    <\/div><\/div><div role=\"region\" class=\"wp-block-ub-content-toggle-accordion-content-wrap\" id=\"ub-content-toggle-panel-5-ec5404a9-44b4-4bee-9b4a-e17aae2f8c3c\">\n\n<p>Selvom online casinospil er baseret p\u00e5 held, kan nogle strategier hj\u00e6lpe med at forbedre din overordnede gamblingoplevelse. Det er tilr\u00e5deligt at s\u00e6tte et budget, v\u00e6lge spil med favorable odds og l\u00e6re reglerne og strategierne for de spil, du har t\u00e6nkt dig at spille. Husk dog altid, at resultatet af casinospil i sidste ende bestemmes af tilf\u00e6ldigheder.<\/p>\n\n<\/div><\/div>\n\n<div id=\"\" class=\"wp-block-ub-content-toggle-accordion\"\">\n                <div class=\"wp-block-ub-content-toggle-accordion-title-wrap\" aria-expanded=\"true\" aria-controls=\"ub-content-toggle-panel-6-ec5404a9-44b4-4bee-9b4a-e17aae2f8c3c\" tabindex=\"0\">\n                    <h3 class=\"wp-block-ub-content-toggle-accordion-title ub-content-toggle-title-ec5404a9-44b4-4bee-9b4a-e17aae2f8c3c\">Kan jeg spille online casino spil gratis?<\/h3><div class=\"wp-block-ub-content-toggle-accordion-toggle-wrap right\"><span class=\"wp-block-ub-content-toggle-accordion-state-indicator wp-block-ub-chevron-down open\"><\/span>\n                    <\/div><\/div><div role=\"region\" class=\"wp-block-ub-content-toggle-accordion-content-wrap\" id=\"ub-content-toggle-panel-6-ec5404a9-44b4-4bee-9b4a-e17aae2f8c3c\">\n\n<p>Ja, mange online casinoer tilbyder gratis spil eller demoversioner af deres spil. Dette giver spillere mulighed for at pr\u00f8ve spil uden at satse rigtige penge. Gratis spil kan v\u00e6re en fantastisk m\u00e5de at s\u00e6tte dig ind i reglerne og funktionerne i forskellige spil, f\u00f8r du beslutter dig for at spille med rigtige penge.<\/p>\n\n<\/div><\/div>\n<\/div>","protected":false},"excerpt":{"rendered":"<p>Danske licens-casinoer vs casinoer uden dansk licens M\u00e5ske har du n\u00e5et en m\u00e6thedsgr\u00e6nse hvad ang\u00e5r spil p\u00e5 danske licens-casinoer. M\u00e5ske har du fortrudt at du har at udelukket dig fra <a href=\"https:\/\/poplus.org\/da\/\">&#8230;.<\/a><\/p>\n","protected":false},"author":1,"featured_media":0,"parent":0,"menu_order":0,"comment_status":"closed","ping_status":"closed","template":"","meta":{"ub_ctt_via":""},"featured_image_src":null,"yoast_head":"<!-- This site is optimized with the Yoast SEO plugin v18.1 - https:\/\/yoast.com\/wordpress\/plugins\/seo\/ -->\n<title>De bedste udenlandske casinoer uden dansk licens<\/title>\n<meta name=\"description\" content=\"M\u00e5ske har du n\u00e5et en m\u00e6thedsgr\u00e6nse hvad ang\u00e5r spil p\u00e5 danske licens-casinoer. M\u00e5ske har du fortrudt at du har at udelukket dig fra casino spil via ROFUS, eller m\u00e5ske g\u00e5r du bare med tanker om at pr\u00f8ve et nyt casino-eventyr af udenfor den danske licens-zone.\" \/>\n<meta name=\"robots\" content=\"index, follow, max-snippet:-1, max-image-preview:large, max-video-preview:-1\" \/>\n<link rel=\"canonical\" href=\"https:\/\/poplus.org\/da\/\" \/>\n<meta property=\"og:locale\" content=\"da_DK\" \/>\n<meta property=\"og:type\" content=\"article\" \/>\n<meta property=\"og:title\" content=\"De bedste udenlandske casinoer uden dansk licens\" \/>\n<meta property=\"og:description\" content=\"M\u00e5ske har du n\u00e5et en m\u00e6thedsgr\u00e6nse hvad ang\u00e5r spil p\u00e5 danske licens-casinoer. M\u00e5ske har du fortrudt at du har at udelukket dig fra casino spil via ROFUS, eller m\u00e5ske g\u00e5r du bare med tanker om at pr\u00f8ve et nyt casino-eventyr af udenfor den danske licens-zone.\" \/>\n<meta property=\"og:url\" content=\"https:\/\/poplus.org\/da\/\" \/>\n<meta property=\"og:site_name\" content=\"PoPlus: Po&#039;s B\u00e4sta Online Casino Guiden i Sverige\" \/>\n<meta property=\"article:modified_time\" content=\"2023-07-12T10:41:33+00:00\" \/>\n<meta name=\"twitter:card\" content=\"summary_large_image\" \/>\n<meta name=\"twitter:label1\" content=\"Estimeret l\u00e6setid\" \/>\n\t<meta name=\"twitter:data1\" content=\"5 minutter\" \/>\n<script type=\"application\/ld+json\" class=\"yoast-schema-graph\">{\"@context\":\"https:\/\/schema.org\",\"@graph\":[{\"@type\":\"WebSite\",\"@id\":\"https:\/\/poplus.org\/#website\",\"url\":\"https:\/\/poplus.org\/\",\"name\":\"PoPlus: Po's B\u00e4sta Online Casino Guiden i Sverige\",\"description\":\"Majoriteten av alla svenska online casinon erbjuder idag n&aring;gon form av free spins som en standard del av sin v&auml;lkomstbonus, men s&aring;v&auml;l m&auml;ngden av free spins som f&ouml;ruts&auml;ttningarna f&ouml;r eventuella uttag p&aring; resulterande vinster varierar kraftigt fr&aring;n casino till casino. Vi har d&auml;rf&ouml;r sammanst&auml;llt denna top lista i f&ouml;rhoppningen om att kunna hj&auml;lpa dig in p&aring; r&auml;tt v&auml;g.\",\"potentialAction\":[{\"@type\":\"SearchAction\",\"target\":{\"@type\":\"EntryPoint\",\"urlTemplate\":\"https:\/\/poplus.org\/?s={search_term_string}\"},\"query-input\":\"required name=search_term_string\"}],\"inLanguage\":\"da-DK\"},{\"@type\":\"WebPage\",\"@id\":\"https:\/\/poplus.org\/da\/#webpage\",\"url\":\"https:\/\/poplus.org\/da\/\",\"name\":\"De bedste udenlandske casinoer uden dansk licens\",\"isPartOf\":{\"@id\":\"https:\/\/poplus.org\/#website\"},\"datePublished\":\"2021-07-13T15:59:22+00:00\",\"dateModified\":\"2023-07-12T10:41:33+00:00\",\"description\":\"M\u00e5ske har du n\u00e5et en m\u00e6thedsgr\u00e6nse hvad ang\u00e5r spil p\u00e5 danske licens-casinoer. M\u00e5ske har du fortrudt at du har at udelukket dig fra casino spil via ROFUS, eller m\u00e5ske g\u00e5r du bare med tanker om at pr\u00f8ve et nyt casino-eventyr af udenfor den danske licens-zone.\",\"breadcrumb\":{\"@id\":\"https:\/\/poplus.org\/da\/#breadcrumb\"},\"inLanguage\":\"da-DK\",\"potentialAction\":[{\"@type\":\"ReadAction\",\"target\":[\"https:\/\/poplus.org\/da\/\"]}]},{\"@type\":\"BreadcrumbList\",\"@id\":\"https:\/\/poplus.org\/da\/#breadcrumb\",\"itemListElement\":[{\"@type\":\"ListItem\",\"position\":1,\"name\":\"Home\",\"item\":\"https:\/\/poplus.org\/da\/\"},{\"@type\":\"ListItem\",\"position\":2,\"name\":\"Danske licens-casinoer vs casinoer uden dansk licens\"}]}]}<\/script>\n<!-- \/ Yoast SEO plugin. -->","yoast_head_json":{"title":"De bedste udenlandske casinoer uden dansk licens","description":"M\u00e5ske har du n\u00e5et en m\u00e6thedsgr\u00e6nse hvad ang\u00e5r spil p\u00e5 danske licens-casinoer. M\u00e5ske har du fortrudt at du har at udelukket dig fra casino spil via ROFUS, eller m\u00e5ske g\u00e5r du bare med tanker om at pr\u00f8ve et nyt casino-eventyr af udenfor den danske licens-zone.","robots":{"index":"index","follow":"follow","max-snippet":"max-snippet:-1","max-image-preview":"max-image-preview:large","max-video-preview":"max-video-preview:-1"},"canonical":"https:\/\/poplus.org\/da\/","og_locale":"da_DK","og_type":"article","og_title":"De bedste udenlandske casinoer uden dansk licens","og_description":"M\u00e5ske har du n\u00e5et en m\u00e6thedsgr\u00e6nse hvad ang\u00e5r spil p\u00e5 danske licens-casinoer. M\u00e5ske har du fortrudt at du har at udelukket dig fra casino spil via ROFUS, eller m\u00e5ske g\u00e5r du bare med tanker om at pr\u00f8ve et nyt casino-eventyr af udenfor den danske licens-zone.","og_url":"https:\/\/poplus.org\/da\/","og_site_name":"PoPlus: Po's B\u00e4sta Online Casino Guiden i Sverige","article_modified_time":"2023-07-12T10:41:33+00:00","twitter_card":"summary_large_image","twitter_misc":{"Estimeret l\u00e6setid":"5 minutter"},"schema":{"@context":"https:\/\/schema.org","@graph":[{"@type":"WebSite","@id":"https:\/\/poplus.org\/#website","url":"https:\/\/poplus.org\/","name":"PoPlus: Po's B\u00e4sta Online Casino Guiden i Sverige","description":"Majoriteten av alla svenska online casinon erbjuder idag n&aring;gon form av free spins som en standard del av sin v&auml;lkomstbonus, men s&aring;v&auml;l m&auml;ngden av free spins som f&ouml;ruts&auml;ttningarna f&ouml;r eventuella uttag p&aring; resulterande vinster varierar kraftigt fr&aring;n casino till casino. Vi har d&auml;rf&ouml;r sammanst&auml;llt denna top lista i f&ouml;rhoppningen om att kunna hj&auml;lpa dig in p&aring; r&auml;tt v&auml;g.","potentialAction":[{"@type":"SearchAction","target":{"@type":"EntryPoint","urlTemplate":"https:\/\/poplus.org\/?s={search_term_string}"},"query-input":"required name=search_term_string"}],"inLanguage":"da-DK"},{"@type":"WebPage","@id":"https:\/\/poplus.org\/da\/#webpage","url":"https:\/\/poplus.org\/da\/","name":"De bedste udenlandske casinoer uden dansk licens","isPartOf":{"@id":"https:\/\/poplus.org\/#website"},"datePublished":"2021-07-13T15:59:22+00:00","dateModified":"2023-07-12T10:41:33+00:00","description":"M\u00e5ske har du n\u00e5et en m\u00e6thedsgr\u00e6nse hvad ang\u00e5r spil p\u00e5 danske licens-casinoer. M\u00e5ske har du fortrudt at du har at udelukket dig fra casino spil via ROFUS, eller m\u00e5ske g\u00e5r du bare med tanker om at pr\u00f8ve et nyt casino-eventyr af udenfor den danske licens-zone.","breadcrumb":{"@id":"https:\/\/poplus.org\/da\/#breadcrumb"},"inLanguage":"da-DK","potentialAction":[{"@type":"ReadAction","target":["https:\/\/poplus.org\/da\/"]}]},{"@type":"BreadcrumbList","@id":"https:\/\/poplus.org\/da\/#breadcrumb","itemListElement":[{"@type":"ListItem","position":1,"name":"Home","item":"https:\/\/poplus.org\/da\/"},{"@type":"ListItem","position":2,"name":"Danske licens-casinoer vs casinoer uden dansk licens"}]}]}},"_links":{"self":[{"href":"https:\/\/poplus.org\/da\/wp-json\/wp\/v2\/pages\/166"}],"collection":[{"href":"https:\/\/poplus.org\/da\/wp-json\/wp\/v2\/pages"}],"about":[{"href":"https:\/\/poplus.org\/da\/wp-json\/wp\/v2\/types\/page"}],"author":[{"embeddable":true,"href":"https:\/\/poplus.org\/da\/wp-json\/wp\/v2\/users\/1"}],"replies":[{"embeddable":true,"href":"https:\/\/poplus.org\/da\/wp-json\/wp\/v2\/comments?post=166"}],"version-history":[{"count":4,"href":"https:\/\/poplus.org\/da\/wp-json\/wp\/v2\/pages\/166\/revisions"}],"predecessor-version":[{"id":320,"href":"https:\/\/poplus.org\/da\/wp-json\/wp\/v2\/pages\/166\/revisions\/320"}],"wp:attachment":[{"href":"https:\/\/poplus.org\/da\/wp-json\/wp\/v2\/media?parent=166"}],"curies":[{"name":"wp","href":"https:\/\/api.w.org\/{rel}","templated":true}]}}